{"id":3970,"date":"2020-09-13T15:54:25","date_gmt":"2020-09-13T13:54:25","guid":{"rendered":"https:\/\/gastropass360.com\/what-to-do\/wine-tourism\/sanlucar-de-barrameda\/"},"modified":"2022-07-13T14:33:55","modified_gmt":"2022-07-13T12:33:55","slug":"sanlucar-de-barrameda","status":"publish","type":"page","link":"https:\/\/gastropass360.com\/en\/what-to-do\/wine-tourism\/sanlucar-de-barrameda\/","title":{"rendered":"Sanl\u00facar de Barrameda"},"content":{"rendered":"\t\t<div data-elementor-type=\"wp-page\" data-elementor-id=\"3970\" class=\"elementor elementor-3970 elementor-175\" data-elementor-post-type=\"page\">\n\t\t\t\t\t\t<section class=\"elementor-section elementor-top-section elementor-element elementor-element-984ddbf elementor-section-boxed elementor-section-height-default elementor-section-height-default\" data-id=\"984ddbf\" data-element_type=\"section\" data-e-type=\"section\">\n\t\t\t\t\t\t<div class=\"elementor-container elementor-column-gap-default\">\n\t\t\t\t\t<div class=\"elementor-column elementor-col-100 elementor-top-column elementor-element elementor-element-c1fa4c1\" data-id=\"c1fa4c1\" data-element_type=\"column\" data-e-type=\"column\">\n\t\t\t<div class=\"elementor-widget-wrap elementor-element-populated\">\n\t\t\t\t\t\t<div class=\"elementor-element elementor-element-144b09c elementor-widget elementor-widget-heading\" data-id=\"144b09c\" data-element_type=\"widget\" data-e-type=\"widget\" data-widget_type=\"heading.default\">\n\t\t\t\t<div class=\"elementor-widget-container\">\n\t\t\t\t\t<h2 class=\"elementor-heading-title elementor-size-default\">Sanl\u00facar de Barrameda Special edition. <\/h2>\t\t\t\t<\/div>\n\t\t\t\t<\/div>\n\t\t\t\t\t<\/div>\n\t\t<\/div>\n\t\t\t\t\t<\/div>\n\t\t<\/section>\n\t\t\t\t<section class=\"elementor-section elementor-top-section elementor-element elementor-element-71c2992 elementor-section-content-middle flipBoxTresCol elementor-section-boxed elementor-section-height-default elementor-section-height-default\" data-id=\"71c2992\" data-element_type=\"section\" data-e-type=\"section\">\n\t\t\t\t\t\t<div class=\"elementor-container elementor-column-gap-default\">\n\t\t\t\t\t<div class=\"elementor-column elementor-col-33 elementor-top-column elementor-element elementor-element-747e387\" data-id=\"747e387\" data-element_type=\"column\" data-e-type=\"column\">\n\t\t\t<div class=\"elementor-widget-wrap elementor-element-populated\">\n\t\t\t\t\t\t<div class=\"elementor-element elementor-element-d5ec098 tituloQueHacer elementor-widget elementor-widget-heading\" data-id=\"d5ec098\" data-element_type=\"widget\" data-e-type=\"widget\" data-widget_type=\"heading.default\">\n\t\t\t\t<div class=\"elementor-widget-container\">\n\t\t\t\t\t<h2 class=\"elementor-heading-title elementor-size-default\"><strong>Sanl\u00facar de Barrameda<\/strong><\/h2>\t\t\t\t<\/div>\n\t\t\t\t<\/div>\n\t\t\t\t<div class=\"elementor-element elementor-element-530d6d1 elementor-flip-box--direction-right elementor-flip-box--effect-flip elementor-widget elementor-widget-flip-box\" data-id=\"530d6d1\" data-element_type=\"widget\" data-e-type=\"widget\" data-widget_type=\"flip-box.default\">\n\t\t\t\t<div class=\"elementor-widget-container\">\n\t\t\t\t\t\t\t<div class=\"elementor-flip-box\" tabindex=\"0\">\n\t\t\t<div class=\"elementor-flip-box__layer elementor-flip-box__front\">\n\t\t\t\t<div class=\"elementor-flip-box__layer__overlay\">\n\t\t\t\t\t<div class=\"elementor-flip-box__layer__inner\">\n\t\t\t\t\t\t\t\t\t\t\t\t\t<div class=\"elementor-icon-wrapper elementor-view-default\">\n\t\t\t\t\t\t\t\t<div class=\"elementor-icon\">\n\t\t\t\t\t\t\t\t\t\t\t\t\t\t\t\t\t<\/div>\n\t\t\t\t\t\t\t<\/div>\n\t\t\t\t\t\t\n\t\t\t\t\t\t\t\t\t\t\t\t\t<h3 class=\"elementor-flip-box__layer__title\">\n\t\t\t\t\t\t\t\t \t\t\t\t\t\t\t<\/h3>\n\t\t\t\t\t\t\n\t\t\t\t\t\t\t\t\t\t\t<\/div>\n\t\t\t\t<\/div>\n\t\t\t<\/div>\n\t\t\t<a class=\"elementor-flip-box__layer elementor-flip-box__back\" href=\"https:\/\/gastropass360.com\/que-hacer\/enoturismo-2\/sanlucar-de-barrameda\/sanlucar-capital-espanola-de-la-gastronomia-en-2022\/\">\n\t\t\t<div class=\"elementor-flip-box__layer__overlay\">\n\t\t\t\t<div class=\"elementor-flip-box__layer__inner\">\n\t\t\t\t\t\t\t\t\t\t\t<h3 class=\"elementor-flip-box__layer__title\">\n\t\t\t\t\t\t\tSee more &gt;\t\t\t\t\t\t<\/h3>\n\t\t\t\t\t\n\t\t\t\t\t\n\t\t\t\t\t\t\t\t<\/div>\n\t\t<\/div>\n\t\t<\/a>\n\t\t<\/div>\n\t\t\t\t\t\t<\/div>\n\t\t\t\t<\/div>\n\t\t\t\t<div class=\"elementor-element elementor-element-730e089 elementor-widget elementor-widget-text-editor\" data-id=\"730e089\" data-element_type=\"widget\" data-e-type=\"widget\" data-widget_type=\"text-editor.default\">\n\t\t\t\t<div class=\"elementor-widget-container\">\n\t\t\t\t\t\t\t\t\tSanl\u00facar, Spanish Capital of gastronomy in 2022. Discover one of the most interesting food and wine destinations in the country.\t\t\t\t\t\t\t\t<\/div>\n\t\t\t\t<\/div>\n\t\t\t\t\t<\/div>\n\t\t<\/div>\n\t\t\t\t<div class=\"elementor-column elementor-col-33 elementor-top-column elementor-element elementor-element-dda5658\" data-id=\"dda5658\" data-element_type=\"column\" data-e-type=\"column\">\n\t\t\t<div class=\"elementor-widget-wrap elementor-element-populated\">\n\t\t\t\t\t\t<div class=\"elementor-element elementor-element-484d451 tituloQueHacer elementor-widget elementor-widget-heading\" data-id=\"484d451\" data-element_type=\"widget\" data-e-type=\"widget\" data-widget_type=\"heading.default\">\n\t\t\t\t<div class=\"elementor-widget-container\">\n\t\t\t\t\t<h2 class=\"elementor-heading-title elementor-size-default\"><strong>Hotel Albariza<\/strong><\/h2>\t\t\t\t<\/div>\n\t\t\t\t<\/div>\n\t\t\t\t<div class=\"elementor-element elementor-element-e4eb36a elementor-flip-box--direction-right elementor-flip-box--effect-flip elementor-widget elementor-widget-flip-box\" data-id=\"e4eb36a\" data-element_type=\"widget\" data-e-type=\"widget\" data-widget_type=\"flip-box.default\">\n\t\t\t\t<div class=\"elementor-widget-container\">\n\t\t\t\t\t\t\t<div class=\"elementor-flip-box\" tabindex=\"0\">\n\t\t\t<div class=\"elementor-flip-box__layer elementor-flip-box__front\">\n\t\t\t\t<div class=\"elementor-flip-box__layer__overlay\">\n\t\t\t\t\t<div class=\"elementor-flip-box__layer__inner\">\n\t\t\t\t\t\t\t\t\t\t\t\t\t<div class=\"elementor-icon-wrapper elementor-view-default\">\n\t\t\t\t\t\t\t\t<div class=\"elementor-icon\">\n\t\t\t\t\t\t\t\t\t\t\t\t\t\t\t\t\t<\/div>\n\t\t\t\t\t\t\t<\/div>\n\t\t\t\t\t\t\n\t\t\t\t\t\t\t\t\t\t\t\t\t<h3 class=\"elementor-flip-box__layer__title\">\n\t\t\t\t\t\t\t\t \t\t\t\t\t\t\t<\/h3>\n\t\t\t\t\t\t\n\t\t\t\t\t\t\t\t\t\t\t<\/div>\n\t\t\t\t<\/div>\n\t\t\t<\/div>\n\t\t\t<a class=\"elementor-flip-box__layer elementor-flip-box__back\" href=\"https:\/\/gastropass360.com\/restaurantes\/hotel-boutique-albariza\/\">\n\t\t\t<div class=\"elementor-flip-box__layer__overlay\">\n\t\t\t\t<div class=\"elementor-flip-box__layer__inner\">\n\t\t\t\t\t\t\t\t\t\t\t<h3 class=\"elementor-flip-box__layer__title\">\n\t\t\t\t\t\t\tSee more &gt;\t\t\t\t\t\t<\/h3>\n\t\t\t\t\t\n\t\t\t\t\t\n\t\t\t\t\t\t\t\t<\/div>\n\t\t<\/div>\n\t\t<\/a>\n\t\t<\/div>\n\t\t\t\t\t\t<\/div>\n\t\t\t\t<\/div>\n\t\t\t\t<div class=\"elementor-element elementor-element-9e6c2a0 elementor-widget elementor-widget-text-editor\" data-id=\"9e6c2a0\" data-element_type=\"widget\" data-e-type=\"widget\" data-widget_type=\"text-editor.default\">\n\t\t\t\t<div class=\"elementor-widget-container\">\n\t\t\t\t\t\t\t\t\t<p>At Hotel Albariza you can relax in the reading room, enjoy the delicacies in our cafeteria, and the sky of Sanl\u00facar on the upper terrace.<\/p>\t\t\t\t\t\t\t\t<\/div>\n\t\t\t\t<\/div>\n\t\t\t\t\t<\/div>\n\t\t<\/div>\n\t\t\t\t<div class=\"elementor-column elementor-col-33 elementor-top-column elementor-element elementor-element-8c6b7d4\" data-id=\"8c6b7d4\" data-element_type=\"column\" data-e-type=\"column\">\n\t\t\t<div class=\"elementor-widget-wrap elementor-element-populated\">\n\t\t\t\t\t\t<div class=\"elementor-element elementor-element-d08a88c tituloQueHacer elementor-widget elementor-widget-heading\" data-id=\"d08a88c\" data-element_type=\"widget\" data-e-type=\"widget\" data-widget_type=\"heading.default\">\n\t\t\t\t<div class=\"elementor-widget-container\">\n\t\t\t\t\t<h2 class=\"elementor-heading-title elementor-size-default\"><strong>Death By Langostinos<\/strong><\/h2>\t\t\t\t<\/div>\n\t\t\t\t<\/div>\n\t\t\t\t<div class=\"elementor-element elementor-element-05b9f4b elementor-flip-box--direction-right elementor-flip-box--effect-flip elementor-widget elementor-widget-flip-box\" data-id=\"05b9f4b\" data-element_type=\"widget\" data-e-type=\"widget\" data-widget_type=\"flip-box.default\">\n\t\t\t\t<div class=\"elementor-widget-container\">\n\t\t\t\t\t\t\t<div class=\"elementor-flip-box\" tabindex=\"0\">\n\t\t\t<div class=\"elementor-flip-box__layer elementor-flip-box__front\">\n\t\t\t\t<div class=\"elementor-flip-box__layer__overlay\">\n\t\t\t\t\t<div class=\"elementor-flip-box__layer__inner\">\n\t\t\t\t\t\t\t\t\t\t\t\t\t<div class=\"elementor-icon-wrapper elementor-view-default\">\n\t\t\t\t\t\t\t\t<div class=\"elementor-icon\">\n\t\t\t\t\t\t\t\t\t\t\t\t\t\t\t\t\t<\/div>\n\t\t\t\t\t\t\t<\/div>\n\t\t\t\t\t\t\n\t\t\t\t\t\t\t\t\t\t\t\t\t<h3 class=\"elementor-flip-box__layer__title\">\n\t\t\t\t\t\t\t\t \t\t\t\t\t\t\t<\/h3>\n\t\t\t\t\t\t\n\t\t\t\t\t\t\t\t\t\t\t<\/div>\n\t\t\t\t<\/div>\n\t\t\t<\/div>\n\t\t\t<a class=\"elementor-flip-box__layer elementor-flip-box__back\" href=\"https:\/\/gastropass360.com\/en\/death-by-langostinos\/\">\n\t\t\t<div class=\"elementor-flip-box__layer__overlay\">\n\t\t\t\t<div class=\"elementor-flip-box__layer__inner\">\n\t\t\t\t\t\t\t\t\t\t\t<h3 class=\"elementor-flip-box__layer__title\">\n\t\t\t\t\t\t\tSee more &gt;\t\t\t\t\t\t<\/h3>\n\t\t\t\t\t\n\t\t\t\t\t\n\t\t\t\t\t\t\t\t<\/div>\n\t\t<\/div>\n\t\t<\/a>\n\t\t<\/div>\n\t\t\t\t\t\t<\/div>\n\t\t\t\t<\/div>\n\t\t\t\t<div class=\"elementor-element elementor-element-531a090 elementor-widget elementor-widget-text-editor\" data-id=\"531a090\" data-element_type=\"widget\" data-e-type=\"widget\" data-widget_type=\"text-editor.default\">\n\t\t\t\t<div class=\"elementor-widget-container\">\n\t\t\t\t\t\t\t\t\t<p>Sanl\u00facar, Spanish Capital of gastronomy in 2022. Discover one of the most interesting food and wine destinations in the country.<\/p>\t\t\t\t\t\t\t\t<\/div>\n\t\t\t\t<\/div>\n\t\t\t\t\t<\/div>\n\t\t<\/div>\n\t\t\t\t\t<\/div>\n\t\t<\/section>\n\t\t\t\t<\/div>\n\t\t","protected":false},"excerpt":{"rendered":"<p>Sanl\u00facar de Barrameda Special edition. Sanl\u00facar de Barrameda See more &gt; Sanl\u00facar, Spanish Capital of gastronomy in 2022. Discover one of the most interesting food and wine destinations in the country. Hotel Albariza See more &gt; At Hotel Albariza you can relax in the reading room, enjoy the delicacies in our cafeteria, and the sky [&hellip;]<\/p>\n","protected":false},"author":1,"featured_media":0,"parent":3962,"menu_order":0,"comment_status":"closed","ping_status":"closed","template":"","meta":{"footnotes":""},"class_list":["post-3970","page","type-page","status-publish","hentry"],"yoast_head":"<!-- This site is optimized with the Yoast SEO plugin v27.3 - https:\/\/yoast.com\/product\/yoast-seo-wordpress\/ -->\n<title>Sanl\u00facar de Barrameda - Gastropass 360<\/title>\n<meta name=\"robots\" content=\"index, follow, max-snippet:-1, max-image-preview:large, max-video-preview:-1\" \/>\n<link rel=\"canonical\" href=\"https:\/\/gastropass360.com\/en\/what-to-do\/wine-tourism\/sanlucar-de-barrameda\/\" \/>\n<meta property=\"og:locale\" content=\"en_US\" \/>\n<meta property=\"og:type\" content=\"article\" \/>\n<meta property=\"og:title\" content=\"Sanl\u00facar de Barrameda - Gastropass 360\" \/>\n<meta property=\"og:description\" content=\"Sanl\u00facar de Barrameda Special edition. Sanl\u00facar de Barrameda See more &gt; Sanl\u00facar, Spanish Capital of gastronomy in 2022. Discover one of the most interesting food and wine destinations in the country. Hotel Albariza See more &gt; At Hotel Albariza you can relax in the reading room, enjoy the delicacies in our cafeteria, and the sky [&hellip;]\" \/>\n<meta property=\"og:url\" content=\"https:\/\/gastropass360.com\/en\/what-to-do\/wine-tourism\/sanlucar-de-barrameda\/\" \/>\n<meta property=\"og:site_name\" content=\"Gastropass 360\" \/>\n<meta property=\"article:publisher\" content=\"https:\/\/www.facebook.com\/Gastropass\/\" \/>\n<meta property=\"article:modified_time\" content=\"2022-07-13T12:33:55+00:00\" \/>\n<meta name=\"twitter:card\" content=\"summary_large_image\" \/>\n<meta name=\"twitter:site\" content=\"@guiagastropass\" \/>\n<script type=\"application\/ld+json\" class=\"yoast-schema-graph\">{\"@context\":\"https:\\\/\\\/schema.org\",\"@graph\":[{\"@type\":\"WebPage\",\"@id\":\"https:\\\/\\\/gastropass360.com\\\/en\\\/what-to-do\\\/wine-tourism\\\/sanlucar-de-barrameda\\\/\",\"url\":\"https:\\\/\\\/gastropass360.com\\\/en\\\/what-to-do\\\/wine-tourism\\\/sanlucar-de-barrameda\\\/\",\"name\":\"Sanl\u00facar de Barrameda - Gastropass 360\",\"isPartOf\":{\"@id\":\"https:\\\/\\\/gastropass360.com\\\/en\\\/#website\"},\"datePublished\":\"2020-09-13T13:54:25+00:00\",\"dateModified\":\"2022-07-13T12:33:55+00:00\",\"breadcrumb\":{\"@id\":\"https:\\\/\\\/gastropass360.com\\\/en\\\/what-to-do\\\/wine-tourism\\\/sanlucar-de-barrameda\\\/#breadcrumb\"},\"inLanguage\":\"en-US\",\"potentialAction\":[{\"@type\":\"ReadAction\",\"target\":[\"https:\\\/\\\/gastropass360.com\\\/en\\\/what-to-do\\\/wine-tourism\\\/sanlucar-de-barrameda\\\/\"]}]},{\"@type\":\"BreadcrumbList\",\"@id\":\"https:\\\/\\\/gastropass360.com\\\/en\\\/what-to-do\\\/wine-tourism\\\/sanlucar-de-barrameda\\\/#breadcrumb\",\"itemListElement\":[{\"@type\":\"ListItem\",\"position\":1,\"name\":\"Portada\",\"item\":\"https:\\\/\\\/gastropass360.com\\\/en\\\/gastropass-360o\\\/\"},{\"@type\":\"ListItem\",\"position\":2,\"name\":\"What to do\",\"item\":\"https:\\\/\\\/gastropass360.com\\\/en\\\/what-to-do\\\/\"},{\"@type\":\"ListItem\",\"position\":3,\"name\":\"Wine tourism\",\"item\":\"https:\\\/\\\/gastropass360.com\\\/en\\\/what-to-do\\\/wine-tourism\\\/\"},{\"@type\":\"ListItem\",\"position\":4,\"name\":\"Sanl\u00facar de Barrameda\"}]},{\"@type\":\"WebSite\",\"@id\":\"https:\\\/\\\/gastropass360.com\\\/en\\\/#website\",\"url\":\"https:\\\/\\\/gastropass360.com\\\/en\\\/\",\"name\":\"Gastropass 360\",\"description\":\"Gu\u00eda de Gastronom\u00eda y Servicios de Sevilla by Gastropass\",\"publisher\":{\"@id\":\"https:\\\/\\\/gastropass360.com\\\/en\\\/#organization\"},\"potentialAction\":[{\"@type\":\"SearchAction\",\"target\":{\"@type\":\"EntryPoint\",\"urlTemplate\":\"https:\\\/\\\/gastropass360.com\\\/en\\\/?s={search_term_string}\"},\"query-input\":{\"@type\":\"PropertyValueSpecification\",\"valueRequired\":true,\"valueName\":\"search_term_string\"}}],\"inLanguage\":\"en-US\"},{\"@type\":\"Organization\",\"@id\":\"https:\\\/\\\/gastropass360.com\\\/en\\\/#organization\",\"name\":\"Gastropass 360\",\"url\":\"https:\\\/\\\/gastropass360.com\\\/en\\\/\",\"logo\":{\"@type\":\"ImageObject\",\"inLanguage\":\"en-US\",\"@id\":\"https:\\\/\\\/gastropass360.com\\\/en\\\/#\\\/schema\\\/logo\\\/image\\\/\",\"url\":\"https:\\\/\\\/gastropass360.com\\\/wp-content\\\/uploads\\\/2020\\\/09\\\/gastropass-360-logo.png\",\"contentUrl\":\"https:\\\/\\\/gastropass360.com\\\/wp-content\\\/uploads\\\/2020\\\/09\\\/gastropass-360-logo.png\",\"width\":577,\"height\":83,\"caption\":\"Gastropass 360\"},\"image\":{\"@id\":\"https:\\\/\\\/gastropass360.com\\\/en\\\/#\\\/schema\\\/logo\\\/image\\\/\"},\"sameAs\":[\"https:\\\/\\\/www.facebook.com\\\/Gastropass\\\/\",\"https:\\\/\\\/x.com\\\/guiagastropass\",\"https:\\\/\\\/www.instagram.com\\\/guiagastropass\"]}]}<\/script>\n<!-- \/ Yoast SEO plugin. -->","yoast_head_json":{"title":"Sanl\u00facar de Barrameda - Gastropass 360","robots":{"index":"index","follow":"follow","max-snippet":"max-snippet:-1","max-image-preview":"max-image-preview:large","max-video-preview":"max-video-preview:-1"},"canonical":"https:\/\/gastropass360.com\/en\/what-to-do\/wine-tourism\/sanlucar-de-barrameda\/","og_locale":"en_US","og_type":"article","og_title":"Sanl\u00facar de Barrameda - Gastropass 360","og_description":"Sanl\u00facar de Barrameda Special edition. Sanl\u00facar de Barrameda See more &gt; Sanl\u00facar, Spanish Capital of gastronomy in 2022. Discover one of the most interesting food and wine destinations in the country. Hotel Albariza See more &gt; At Hotel Albariza you can relax in the reading room, enjoy the delicacies in our cafeteria, and the sky [&hellip;]","og_url":"https:\/\/gastropass360.com\/en\/what-to-do\/wine-tourism\/sanlucar-de-barrameda\/","og_site_name":"Gastropass 360","article_publisher":"https:\/\/www.facebook.com\/Gastropass\/","article_modified_time":"2022-07-13T12:33:55+00:00","twitter_card":"summary_large_image","twitter_site":"@guiagastropass","schema":{"@context":"https:\/\/schema.org","@graph":[{"@type":"WebPage","@id":"https:\/\/gastropass360.com\/en\/what-to-do\/wine-tourism\/sanlucar-de-barrameda\/","url":"https:\/\/gastropass360.com\/en\/what-to-do\/wine-tourism\/sanlucar-de-barrameda\/","name":"Sanl\u00facar de Barrameda - Gastropass 360","isPartOf":{"@id":"https:\/\/gastropass360.com\/en\/#website"},"datePublished":"2020-09-13T13:54:25+00:00","dateModified":"2022-07-13T12:33:55+00:00","breadcrumb":{"@id":"https:\/\/gastropass360.com\/en\/what-to-do\/wine-tourism\/sanlucar-de-barrameda\/#breadcrumb"},"inLanguage":"en-US","potentialAction":[{"@type":"ReadAction","target":["https:\/\/gastropass360.com\/en\/what-to-do\/wine-tourism\/sanlucar-de-barrameda\/"]}]},{"@type":"BreadcrumbList","@id":"https:\/\/gastropass360.com\/en\/what-to-do\/wine-tourism\/sanlucar-de-barrameda\/#breadcrumb","itemListElement":[{"@type":"ListItem","position":1,"name":"Portada","item":"https:\/\/gastropass360.com\/en\/gastropass-360o\/"},{"@type":"ListItem","position":2,"name":"What to do","item":"https:\/\/gastropass360.com\/en\/what-to-do\/"},{"@type":"ListItem","position":3,"name":"Wine tourism","item":"https:\/\/gastropass360.com\/en\/what-to-do\/wine-tourism\/"},{"@type":"ListItem","position":4,"name":"Sanl\u00facar de Barrameda"}]},{"@type":"WebSite","@id":"https:\/\/gastropass360.com\/en\/#website","url":"https:\/\/gastropass360.com\/en\/","name":"Gastropass 360","description":"Gu\u00eda de Gastronom\u00eda y Servicios de Sevilla by Gastropass","publisher":{"@id":"https:\/\/gastropass360.com\/en\/#organization"},"potentialAction":[{"@type":"SearchAction","target":{"@type":"EntryPoint","urlTemplate":"https:\/\/gastropass360.com\/en\/?s={search_term_string}"},"query-input":{"@type":"PropertyValueSpecification","valueRequired":true,"valueName":"search_term_string"}}],"inLanguage":"en-US"},{"@type":"Organization","@id":"https:\/\/gastropass360.com\/en\/#organization","name":"Gastropass 360","url":"https:\/\/gastropass360.com\/en\/","logo":{"@type":"ImageObject","inLanguage":"en-US","@id":"https:\/\/gastropass360.com\/en\/#\/schema\/logo\/image\/","url":"https:\/\/gastropass360.com\/wp-content\/uploads\/2020\/09\/gastropass-360-logo.png","contentUrl":"https:\/\/gastropass360.com\/wp-content\/uploads\/2020\/09\/gastropass-360-logo.png","width":577,"height":83,"caption":"Gastropass 360"},"image":{"@id":"https:\/\/gastropass360.com\/en\/#\/schema\/logo\/image\/"},"sameAs":["https:\/\/www.facebook.com\/Gastropass\/","https:\/\/x.com\/guiagastropass","https:\/\/www.instagram.com\/guiagastropass"]}]}},"jetpack_sharing_enabled":true,"_links":{"self":[{"href":"https:\/\/gastropass360.com\/en\/wp-json\/wp\/v2\/pages\/3970","targetHints":{"allow":["GET"]}}],"collection":[{"href":"https:\/\/gastropass360.com\/en\/wp-json\/wp\/v2\/pages"}],"about":[{"href":"https:\/\/gastropass360.com\/en\/wp-json\/wp\/v2\/types\/page"}],"author":[{"embeddable":true,"href":"https:\/\/gastropass360.com\/en\/wp-json\/wp\/v2\/users\/1"}],"replies":[{"embeddable":true,"href":"https:\/\/gastropass360.com\/en\/wp-json\/wp\/v2\/comments?post=3970"}],"version-history":[{"count":1,"href":"https:\/\/gastropass360.com\/en\/wp-json\/wp\/v2\/pages\/3970\/revisions"}],"predecessor-version":[{"id":3971,"href":"https:\/\/gastropass360.com\/en\/wp-json\/wp\/v2\/pages\/3970\/revisions\/3971"}],"up":[{"embeddable":true,"href":"https:\/\/gastropass360.com\/en\/wp-json\/wp\/v2\/pages\/3962"}],"wp:attachment":[{"href":"https:\/\/gastropass360.com\/en\/wp-json\/wp\/v2\/media?parent=3970"}],"curies":[{"name":"wp","href":"https:\/\/api.w.org\/{rel}","templated":true}]}}