{"id":3980,"date":"2020-10-30T19:56:56","date_gmt":"2020-10-30T18:56:56","guid":{"rendered":"https:\/\/gastropass360.com\/what-to-do\/premium-gourmet\/"},"modified":"2022-07-13T14:54:20","modified_gmt":"2022-07-13T12:54:20","slug":"premium-gourmet","status":"publish","type":"page","link":"https:\/\/gastropass360.com\/en\/what-to-do\/premium-gourmet\/","title":{"rendered":"Premium Gourmet"},"content":{"rendered":"\t\t<div data-elementor-type=\"wp-page\" data-elementor-id=\"3980\" class=\"elementor elementor-3980 elementor-1182\" data-elementor-post-type=\"page\">\n\t\t\t\t\t\t<section class=\"elementor-section elementor-top-section elementor-element elementor-element-0622db0 elementor-hidden-phone elementor-section-boxed elementor-section-height-default elementor-section-height-default\" data-id=\"0622db0\" data-element_type=\"section\" data-e-type=\"section\" data-settings=\"{&quot;background_background&quot;:&quot;classic&quot;}\">\n\t\t\t\t\t\t<div class=\"elementor-container elementor-column-gap-default\">\n\t\t\t\t\t<div class=\"elementor-column elementor-col-100 elementor-top-column elementor-element elementor-element-0224a5a\" data-id=\"0224a5a\" data-element_type=\"column\" data-e-type=\"column\">\n\t\t\t<div class=\"elementor-widget-wrap elementor-element-populated\">\n\t\t\t\t\t\t<section class=\"elementor-section elementor-inner-section elementor-element elementor-element-90dd760 elementor-section-boxed elementor-section-height-default elementor-section-height-default\" data-id=\"90dd760\" data-element_type=\"section\" data-e-type=\"section\" data-settings=\"{&quot;background_background&quot;:&quot;classic&quot;}\">\n\t\t\t\t\t\t<div class=\"elementor-container elementor-column-gap-default\">\n\t\t\t\t\t<div class=\"elementor-column elementor-col-100 elementor-inner-column elementor-element elementor-element-41a3f5c\" data-id=\"41a3f5c\" data-element_type=\"column\" data-e-type=\"column\">\n\t\t\t<div class=\"elementor-widget-wrap elementor-element-populated\">\n\t\t\t\t\t\t<div class=\"elementor-element elementor-element-ed32435 elementor-widget elementor-widget-image\" data-id=\"ed32435\" data-element_type=\"widget\" data-e-type=\"widget\" data-widget_type=\"image.default\">\n\t\t\t\t<div class=\"elementor-widget-container\">\n\t\t\t\t\t\t\t\t\t\t\t\t\t\t\t<img decoding=\"async\" src=\"https:\/\/gastropass360.com\/wp-content\/uploads\/elementor\/thumbs\/catas-flamencas-logol-qzp15aez3a2w7l3faanb17l07jzfl8x7mj3uamryqu.png\" title=\"catas-flamencas-logol\" alt=\"catas-flamencas-logol\" loading=\"lazy\" \/>\t\t\t\t\t\t\t\t\t\t\t\t\t\t\t<\/div>\n\t\t\t\t<\/div>\n\t\t\t\t<div class=\"elementor-element elementor-element-79bbc0d elementor-widget__width-initial elementor-widget elementor-widget-text-editor\" data-id=\"79bbc0d\" data-element_type=\"widget\" data-e-type=\"widget\" data-widget_type=\"text-editor.default\">\n\t\t\t\t<div class=\"elementor-widget-container\">\n\t\t\t\t\t\t\t\t\t<p>Tastings that pair wines, typical dishes of our gastronomy and flamenco performances<\/p>\t\t\t\t\t\t\t\t<\/div>\n\t\t\t\t<\/div>\n\t\t\t\t\t<\/div>\n\t\t<\/div>\n\t\t\t\t\t<\/div>\n\t\t<\/section>\n\t\t\t\t\t<\/div>\n\t\t<\/div>\n\t\t\t\t\t<\/div>\n\t\t<\/section>\n\t\t\t\t<section class=\"elementor-section elementor-top-section elementor-element elementor-element-2d4fcc2 elementor-hidden-desktop elementor-hidden-tablet elementor-section-boxed elementor-section-height-default elementor-section-height-default\" data-id=\"2d4fcc2\" data-element_type=\"section\" data-e-type=\"section\" data-settings=\"{&quot;background_background&quot;:&quot;classic&quot;}\">\n\t\t\t\t\t\t<div class=\"elementor-container elementor-column-gap-no\">\n\t\t\t\t\t<div class=\"elementor-column elementor-col-100 elementor-top-column elementor-element elementor-element-9f3213c\" data-id=\"9f3213c\" data-element_type=\"column\" data-e-type=\"column\">\n\t\t\t<div class=\"elementor-widget-wrap elementor-element-populated\">\n\t\t\t\t\t\t<div class=\"elementor-element elementor-element-87d73e6 elementor-widget elementor-widget-image\" data-id=\"87d73e6\" data-element_type=\"widget\" data-e-type=\"widget\" data-widget_type=\"image.default\">\n\t\t\t\t<div class=\"elementor-widget-container\">\n\t\t\t\t\t\t\t\t\t\t\t\t\t\t\t<img decoding=\"async\" src=\"https:\/\/gastropass360.com\/wp-content\/uploads\/elementor\/thumbs\/catas-flamencas-header-qzp15aewnkkvajhe4ub9gl2c23t6n6doudeo4mgao0.jpg\" title=\"catas-flamencas-header\" alt=\"catas-flamencas-header\" loading=\"lazy\" \/>\t\t\t\t\t\t\t\t\t\t\t\t\t\t\t<\/div>\n\t\t\t\t<\/div>\n\t\t\t\t<div class=\"elementor-element elementor-element-bd03009 elementor-widget elementor-widget-image\" data-id=\"bd03009\" data-element_type=\"widget\" data-e-type=\"widget\" data-widget_type=\"image.default\">\n\t\t\t\t<div class=\"elementor-widget-container\">\n\t\t\t\t\t\t\t\t\t\t\t\t\t\t\t<img decoding=\"async\" src=\"https:\/\/gastropass360.com\/wp-content\/uploads\/elementor\/thumbs\/catas-flamencas-logol-qzp15aez3a2w7l3faanb17l07jzfl8x7mj3uamryqu.png\" title=\"catas-flamencas-logol\" alt=\"catas-flamencas-logol\" loading=\"lazy\" \/>\t\t\t\t\t\t\t\t\t\t\t\t\t\t\t<\/div>\n\t\t\t\t<\/div>\n\t\t\t\t<div class=\"elementor-element elementor-element-67b189a elementor-widget elementor-widget-text-editor\" data-id=\"67b189a\" data-element_type=\"widget\" data-e-type=\"widget\" data-widget_type=\"text-editor.default\">\n\t\t\t\t<div class=\"elementor-widget-container\">\n\t\t\t\t\t\t\t\t\tTastings that pair wines, typical dishes of our gastronomy and flamenco performances\t\t\t\t\t\t\t\t<\/div>\n\t\t\t\t<\/div>\n\t\t\t\t\t<\/div>\n\t\t<\/div>\n\t\t\t\t\t<\/div>\n\t\t<\/section>\n\t\t\t\t<section class=\"elementor-section elementor-top-section elementor-element elementor-element-5ebf1a5 elementor-section-boxed elementor-section-height-default elementor-section-height-default\" data-id=\"5ebf1a5\" data-element_type=\"section\" data-e-type=\"section\">\n\t\t\t\t\t\t<div class=\"elementor-container elementor-column-gap-default\">\n\t\t\t\t\t<div class=\"elementor-column elementor-col-100 elementor-top-column elementor-element elementor-element-0441b59\" data-id=\"0441b59\" data-element_type=\"column\" data-e-type=\"column\">\n\t\t\t<div class=\"elementor-widget-wrap elementor-element-populated\">\n\t\t\t\t\t\t<div class=\"elementor-element elementor-element-4b14ba2 elementor-widget elementor-widget-heading\" data-id=\"4b14ba2\" data-element_type=\"widget\" data-e-type=\"widget\" data-widget_type=\"heading.default\">\n\t\t\t\t<div class=\"elementor-widget-container\">\n\t\t\t\t\t<h2 class=\"elementor-heading-title elementor-size-default\">Andalusian palate<\/h2>\t\t\t\t<\/div>\n\t\t\t\t<\/div>\n\t\t\t\t\t<\/div>\n\t\t<\/div>\n\t\t\t\t\t<\/div>\n\t\t<\/section>\n\t\t\t\t<section class=\"elementor-section elementor-top-section elementor-element elementor-element-e90be77 elementor-section-content-middle flipBoxTresCol elementor-section-boxed elementor-section-height-default elementor-section-height-default\" data-id=\"e90be77\" data-element_type=\"section\" data-e-type=\"section\">\n\t\t\t\t\t\t<div class=\"elementor-container elementor-column-gap-default\">\n\t\t\t\t\t<div class=\"elementor-column elementor-col-33 elementor-top-column elementor-element elementor-element-50eaaca\" data-id=\"50eaaca\" data-element_type=\"column\" data-e-type=\"column\">\n\t\t\t<div class=\"elementor-widget-wrap elementor-element-populated\">\n\t\t\t\t\t\t<div class=\"elementor-element elementor-element-490945e elementor-flip-box--direction-right elementor-flip-box--effect-flip elementor-widget elementor-widget-flip-box\" data-id=\"490945e\" data-element_type=\"widget\" data-e-type=\"widget\" data-widget_type=\"flip-box.default\">\n\t\t\t\t<div class=\"elementor-widget-container\">\n\t\t\t\t\t\t\t<div class=\"elementor-flip-box\" tabindex=\"0\">\n\t\t\t<div class=\"elementor-flip-box__layer elementor-flip-box__front\">\n\t\t\t\t<div class=\"elementor-flip-box__layer__overlay\">\n\t\t\t\t\t<div class=\"elementor-flip-box__layer__inner\">\n\t\t\t\t\t\t\n\t\t\t\t\t\t\n\t\t\t\t\t\t\t\t\t\t\t<\/div>\n\t\t\t\t<\/div>\n\t\t\t<\/div>\n\t\t\t<div class=\"elementor-flip-box__layer elementor-flip-box__back\">\n\t\t\t<div class=\"elementor-flip-box__layer__overlay\">\n\t\t\t\t<div class=\"elementor-flip-box__layer__inner\">\n\t\t\t\t\t\t\t\t\t\t\t<h3 class=\"elementor-flip-box__layer__title\">\n\t\t\t\t\t\t\tIberian Ham Salad Prawns Eel Toast Iberian Pork Selection of Desserts\t\t\t\t\t\t<\/h3>\n\t\t\t\t\t\n\t\t\t\t\t\n\t\t\t\t\t\t\t\t<\/div>\n\t\t<\/div>\n\t\t<\/div>\n\t\t<\/div>\n\t\t\t\t\t\t<\/div>\n\t\t\t\t<\/div>\n\t\t\t\t\t<\/div>\n\t\t<\/div>\n\t\t\t\t<div class=\"elementor-column elementor-col-33 elementor-top-column elementor-element elementor-element-92c81ec\" data-id=\"92c81ec\" data-element_type=\"column\" data-e-type=\"column\">\n\t\t\t<div class=\"elementor-widget-wrap elementor-element-populated\">\n\t\t\t\t\t\t<div class=\"elementor-element elementor-element-650497b elementor-flip-box--direction-right elementor-flip-box--effect-flip elementor-widget elementor-widget-flip-box\" data-id=\"650497b\" data-element_type=\"widget\" data-e-type=\"widget\" data-widget_type=\"flip-box.default\">\n\t\t\t\t<div class=\"elementor-widget-container\">\n\t\t\t\t\t\t\t<div class=\"elementor-flip-box\" tabindex=\"0\">\n\t\t\t<div class=\"elementor-flip-box__layer elementor-flip-box__front\">\n\t\t\t\t<div class=\"elementor-flip-box__layer__overlay\">\n\t\t\t\t\t<div class=\"elementor-flip-box__layer__inner\">\n\t\t\t\t\t\t\n\t\t\t\t\t\t\n\t\t\t\t\t\t\t\t\t\t\t<\/div>\n\t\t\t\t<\/div>\n\t\t\t<\/div>\n\t\t\t<div class=\"elementor-flip-box__layer elementor-flip-box__back\">\n\t\t\t<div class=\"elementor-flip-box__layer__overlay\">\n\t\t\t\t<div class=\"elementor-flip-box__layer__inner\">\n\t\t\t\t\t\t\t\t\t\t\t<h3 class=\"elementor-flip-box__layer__title\">\n\t\t\t\t\t\t\tFino White Pink Red Moscatel\t\t\t\t\t\t<\/h3>\n\t\t\t\t\t\n\t\t\t\t\t\n\t\t\t\t\t\t\t\t<\/div>\n\t\t<\/div>\n\t\t<\/div>\n\t\t<\/div>\n\t\t\t\t\t\t<\/div>\n\t\t\t\t<\/div>\n\t\t\t\t\t<\/div>\n\t\t<\/div>\n\t\t\t\t<div class=\"elementor-column elementor-col-33 elementor-top-column elementor-element elementor-element-a18c873\" data-id=\"a18c873\" data-element_type=\"column\" data-e-type=\"column\">\n\t\t\t<div class=\"elementor-widget-wrap elementor-element-populated\">\n\t\t\t\t\t\t<div class=\"elementor-element elementor-element-7f2f981 elementor-flip-box--direction-right elementor-flip-box--effect-flip elementor-widget elementor-widget-flip-box\" data-id=\"7f2f981\" data-element_type=\"widget\" data-e-type=\"widget\" data-widget_type=\"flip-box.default\">\n\t\t\t\t<div class=\"elementor-widget-container\">\n\t\t\t\t\t\t\t<div class=\"elementor-flip-box\" tabindex=\"0\">\n\t\t\t<div class=\"elementor-flip-box__layer elementor-flip-box__front\">\n\t\t\t\t<div class=\"elementor-flip-box__layer__overlay\">\n\t\t\t\t\t<div class=\"elementor-flip-box__layer__inner\">\n\t\t\t\t\t\t\n\t\t\t\t\t\t\n\t\t\t\t\t\t\t\t\t\t\t<\/div>\n\t\t\t\t<\/div>\n\t\t\t<\/div>\n\t\t\t<div class=\"elementor-flip-box__layer elementor-flip-box__back\">\n\t\t\t<div class=\"elementor-flip-box__layer__overlay\">\n\t\t\t\t<div class=\"elementor-flip-box__layer__inner\">\n\t\t\t\t\t\t\t\t\t\t\t<h3 class=\"elementor-flip-box__layer__title\">\n\t\t\t\t\t\t\tShow<br>Flamenco de Mant\u00f3n, Bast\u00f3n y Casta\u00f1uelas\t\t\t\t\t\t<\/h3>\n\t\t\t\t\t\n\t\t\t\t\t\n\t\t\t\t\t\t\t\t<\/div>\n\t\t<\/div>\n\t\t<\/div>\n\t\t<\/div>\n\t\t\t\t\t\t<\/div>\n\t\t\t\t<\/div>\n\t\t\t\t\t<\/div>\n\t\t<\/div>\n\t\t\t\t\t<\/div>\n\t\t<\/section>\n\t\t\t\t<section class=\"elementor-section elementor-top-section elementor-element elementor-element-b3d17a7 elementor-section-boxed elementor-section-height-default elementor-section-height-default\" data-id=\"b3d17a7\" data-element_type=\"section\" data-e-type=\"section\">\n\t\t\t\t\t\t<div class=\"elementor-container elementor-column-gap-default\">\n\t\t\t\t\t<div class=\"elementor-column elementor-col-100 elementor-top-column elementor-element elementor-element-335d1c2\" data-id=\"335d1c2\" data-element_type=\"column\" data-e-type=\"column\">\n\t\t\t<div class=\"elementor-widget-wrap\">\n\t\t\t\t\t\t\t<\/div>\n\t\t<\/div>\n\t\t\t\t\t<\/div>\n\t\t<\/section>\n\t\t\t\t<\/div>\n\t\t","protected":false},"excerpt":{"rendered":"<p>Tastings that pair wines, typical dishes of our gastronomy and flamenco performances Tastings that pair wines, typical dishes of our gastronomy and flamenco performances Andalusian palate Iberian Ham Salad Prawns Eel Toast Iberian Pork Selection of Desserts Fino White Pink Red Moscatel ShowFlamenco de Mant\u00f3n, Bast\u00f3n y Casta\u00f1uelas<\/p>\n","protected":false},"author":1,"featured_media":0,"parent":3958,"menu_order":0,"comment_status":"closed","ping_status":"closed","template":"","meta":{"footnotes":""},"class_list":["post-3980","page","type-page","status-publish","hentry"],"yoast_head":"<!-- This site is optimized with the Yoast SEO plugin v27.3 - https:\/\/yoast.com\/product\/yoast-seo-wordpress\/ -->\n<title>Premium Gourmet - Gastropass 360<\/title>\n<meta name=\"robots\" content=\"index, follow, max-snippet:-1, max-image-preview:large, max-video-preview:-1\" \/>\n<link rel=\"canonical\" href=\"https:\/\/gastropass360.com\/en\/what-to-do\/premium-gourmet\/\" \/>\n<meta property=\"og:locale\" content=\"en_US\" \/>\n<meta property=\"og:type\" content=\"article\" \/>\n<meta property=\"og:title\" content=\"Premium Gourmet - Gastropass 360\" \/>\n<meta property=\"og:description\" content=\"Tastings that pair wines, typical dishes of our gastronomy and flamenco performances Tastings that pair wines, typical dishes of our gastronomy and flamenco performances Andalusian palate Iberian Ham Salad Prawns Eel Toast Iberian Pork Selection of Desserts Fino White Pink Red Moscatel ShowFlamenco de Mant\u00f3n, Bast\u00f3n y Casta\u00f1uelas\" \/>\n<meta property=\"og:url\" content=\"https:\/\/gastropass360.com\/en\/what-to-do\/premium-gourmet\/\" \/>\n<meta property=\"og:site_name\" content=\"Gastropass 360\" \/>\n<meta property=\"article:publisher\" content=\"https:\/\/www.facebook.com\/Gastropass\/\" \/>\n<meta property=\"article:modified_time\" content=\"2022-07-13T12:54:20+00:00\" \/>\n<meta property=\"og:image\" content=\"https:\/\/gastropass360.com\/wp-content\/uploads\/elementor\/thumbs\/catas-flamencas-logol-oxhghmm1qoq23jojwa7gdlzts21rhl2hdba0epyj6u.png\" \/>\n<meta name=\"twitter:card\" content=\"summary_large_image\" \/>\n<meta name=\"twitter:site\" content=\"@guiagastropass\" \/>\n<script type=\"application\/ld+json\" class=\"yoast-schema-graph\">{\"@context\":\"https:\\\/\\\/schema.org\",\"@graph\":[{\"@type\":\"WebPage\",\"@id\":\"https:\\\/\\\/gastropass360.com\\\/en\\\/what-to-do\\\/premium-gourmet\\\/\",\"url\":\"https:\\\/\\\/gastropass360.com\\\/en\\\/what-to-do\\\/premium-gourmet\\\/\",\"name\":\"Premium Gourmet - Gastropass 360\",\"isPartOf\":{\"@id\":\"https:\\\/\\\/gastropass360.com\\\/en\\\/#website\"},\"primaryImageOfPage\":{\"@id\":\"https:\\\/\\\/gastropass360.com\\\/en\\\/what-to-do\\\/premium-gourmet\\\/#primaryimage\"},\"image\":{\"@id\":\"https:\\\/\\\/gastropass360.com\\\/en\\\/what-to-do\\\/premium-gourmet\\\/#primaryimage\"},\"thumbnailUrl\":\"https:\\\/\\\/gastropass360.com\\\/wp-content\\\/uploads\\\/elementor\\\/thumbs\\\/catas-flamencas-logol-oxhghmm1qoq23jojwa7gdlzts21rhl2hdba0epyj6u.png\",\"datePublished\":\"2020-10-30T18:56:56+00:00\",\"dateModified\":\"2022-07-13T12:54:20+00:00\",\"breadcrumb\":{\"@id\":\"https:\\\/\\\/gastropass360.com\\\/en\\\/what-to-do\\\/premium-gourmet\\\/#breadcrumb\"},\"inLanguage\":\"en-US\",\"potentialAction\":[{\"@type\":\"ReadAction\",\"target\":[\"https:\\\/\\\/gastropass360.com\\\/en\\\/what-to-do\\\/premium-gourmet\\\/\"]}]},{\"@type\":\"ImageObject\",\"inLanguage\":\"en-US\",\"@id\":\"https:\\\/\\\/gastropass360.com\\\/en\\\/what-to-do\\\/premium-gourmet\\\/#primaryimage\",\"url\":\"https:\\\/\\\/gastropass360.com\\\/wp-content\\\/uploads\\\/elementor\\\/thumbs\\\/catas-flamencas-logol-oxhghmm1qoq23jojwa7gdlzts21rhl2hdba0epyj6u.png\",\"contentUrl\":\"https:\\\/\\\/gastropass360.com\\\/wp-content\\\/uploads\\\/elementor\\\/thumbs\\\/catas-flamencas-logol-oxhghmm1qoq23jojwa7gdlzts21rhl2hdba0epyj6u.png\"},{\"@type\":\"BreadcrumbList\",\"@id\":\"https:\\\/\\\/gastropass360.com\\\/en\\\/what-to-do\\\/premium-gourmet\\\/#breadcrumb\",\"itemListElement\":[{\"@type\":\"ListItem\",\"position\":1,\"name\":\"Portada\",\"item\":\"https:\\\/\\\/gastropass360.com\\\/en\\\/gastropass-360o\\\/\"},{\"@type\":\"ListItem\",\"position\":2,\"name\":\"What to do\",\"item\":\"https:\\\/\\\/gastropass360.com\\\/en\\\/what-to-do\\\/\"},{\"@type\":\"ListItem\",\"position\":3,\"name\":\"Premium Gourmet\"}]},{\"@type\":\"WebSite\",\"@id\":\"https:\\\/\\\/gastropass360.com\\\/en\\\/#website\",\"url\":\"https:\\\/\\\/gastropass360.com\\\/en\\\/\",\"name\":\"Gastropass 360\",\"description\":\"Gu\u00eda de Gastronom\u00eda y Servicios de Sevilla by Gastropass\",\"publisher\":{\"@id\":\"https:\\\/\\\/gastropass360.com\\\/en\\\/#organization\"},\"potentialAction\":[{\"@type\":\"SearchAction\",\"target\":{\"@type\":\"EntryPoint\",\"urlTemplate\":\"https:\\\/\\\/gastropass360.com\\\/en\\\/?s={search_term_string}\"},\"query-input\":{\"@type\":\"PropertyValueSpecification\",\"valueRequired\":true,\"valueName\":\"search_term_string\"}}],\"inLanguage\":\"en-US\"},{\"@type\":\"Organization\",\"@id\":\"https:\\\/\\\/gastropass360.com\\\/en\\\/#organization\",\"name\":\"Gastropass 360\",\"url\":\"https:\\\/\\\/gastropass360.com\\\/en\\\/\",\"logo\":{\"@type\":\"ImageObject\",\"inLanguage\":\"en-US\",\"@id\":\"https:\\\/\\\/gastropass360.com\\\/en\\\/#\\\/schema\\\/logo\\\/image\\\/\",\"url\":\"https:\\\/\\\/gastropass360.com\\\/wp-content\\\/uploads\\\/2020\\\/09\\\/gastropass-360-logo.png\",\"contentUrl\":\"https:\\\/\\\/gastropass360.com\\\/wp-content\\\/uploads\\\/2020\\\/09\\\/gastropass-360-logo.png\",\"width\":577,\"height\":83,\"caption\":\"Gastropass 360\"},\"image\":{\"@id\":\"https:\\\/\\\/gastropass360.com\\\/en\\\/#\\\/schema\\\/logo\\\/image\\\/\"},\"sameAs\":[\"https:\\\/\\\/www.facebook.com\\\/Gastropass\\\/\",\"https:\\\/\\\/x.com\\\/guiagastropass\",\"https:\\\/\\\/www.instagram.com\\\/guiagastropass\"]}]}<\/script>\n<!-- \/ Yoast SEO plugin. -->","yoast_head_json":{"title":"Premium Gourmet - Gastropass 360","robots":{"index":"index","follow":"follow","max-snippet":"max-snippet:-1","max-image-preview":"max-image-preview:large","max-video-preview":"max-video-preview:-1"},"canonical":"https:\/\/gastropass360.com\/en\/what-to-do\/premium-gourmet\/","og_locale":"en_US","og_type":"article","og_title":"Premium Gourmet - Gastropass 360","og_description":"Tastings that pair wines, typical dishes of our gastronomy and flamenco performances Tastings that pair wines, typical dishes of our gastronomy and flamenco performances Andalusian palate Iberian Ham Salad Prawns Eel Toast Iberian Pork Selection of Desserts Fino White Pink Red Moscatel ShowFlamenco de Mant\u00f3n, Bast\u00f3n y Casta\u00f1uelas","og_url":"https:\/\/gastropass360.com\/en\/what-to-do\/premium-gourmet\/","og_site_name":"Gastropass 360","article_publisher":"https:\/\/www.facebook.com\/Gastropass\/","article_modified_time":"2022-07-13T12:54:20+00:00","og_image":[{"url":"https:\/\/gastropass360.com\/wp-content\/uploads\/elementor\/thumbs\/catas-flamencas-logol-oxhghmm1qoq23jojwa7gdlzts21rhl2hdba0epyj6u.png","type":"","width":"","height":""}],"twitter_card":"summary_large_image","twitter_site":"@guiagastropass","schema":{"@context":"https:\/\/schema.org","@graph":[{"@type":"WebPage","@id":"https:\/\/gastropass360.com\/en\/what-to-do\/premium-gourmet\/","url":"https:\/\/gastropass360.com\/en\/what-to-do\/premium-gourmet\/","name":"Premium Gourmet - Gastropass 360","isPartOf":{"@id":"https:\/\/gastropass360.com\/en\/#website"},"primaryImageOfPage":{"@id":"https:\/\/gastropass360.com\/en\/what-to-do\/premium-gourmet\/#primaryimage"},"image":{"@id":"https:\/\/gastropass360.com\/en\/what-to-do\/premium-gourmet\/#primaryimage"},"thumbnailUrl":"https:\/\/gastropass360.com\/wp-content\/uploads\/elementor\/thumbs\/catas-flamencas-logol-oxhghmm1qoq23jojwa7gdlzts21rhl2hdba0epyj6u.png","datePublished":"2020-10-30T18:56:56+00:00","dateModified":"2022-07-13T12:54:20+00:00","breadcrumb":{"@id":"https:\/\/gastropass360.com\/en\/what-to-do\/premium-gourmet\/#breadcrumb"},"inLanguage":"en-US","potentialAction":[{"@type":"ReadAction","target":["https:\/\/gastropass360.com\/en\/what-to-do\/premium-gourmet\/"]}]},{"@type":"ImageObject","inLanguage":"en-US","@id":"https:\/\/gastropass360.com\/en\/what-to-do\/premium-gourmet\/#primaryimage","url":"https:\/\/gastropass360.com\/wp-content\/uploads\/elementor\/thumbs\/catas-flamencas-logol-oxhghmm1qoq23jojwa7gdlzts21rhl2hdba0epyj6u.png","contentUrl":"https:\/\/gastropass360.com\/wp-content\/uploads\/elementor\/thumbs\/catas-flamencas-logol-oxhghmm1qoq23jojwa7gdlzts21rhl2hdba0epyj6u.png"},{"@type":"BreadcrumbList","@id":"https:\/\/gastropass360.com\/en\/what-to-do\/premium-gourmet\/#breadcrumb","itemListElement":[{"@type":"ListItem","position":1,"name":"Portada","item":"https:\/\/gastropass360.com\/en\/gastropass-360o\/"},{"@type":"ListItem","position":2,"name":"What to do","item":"https:\/\/gastropass360.com\/en\/what-to-do\/"},{"@type":"ListItem","position":3,"name":"Premium Gourmet"}]},{"@type":"WebSite","@id":"https:\/\/gastropass360.com\/en\/#website","url":"https:\/\/gastropass360.com\/en\/","name":"Gastropass 360","description":"Gu\u00eda de Gastronom\u00eda y Servicios de Sevilla by Gastropass","publisher":{"@id":"https:\/\/gastropass360.com\/en\/#organization"},"potentialAction":[{"@type":"SearchAction","target":{"@type":"EntryPoint","urlTemplate":"https:\/\/gastropass360.com\/en\/?s={search_term_string}"},"query-input":{"@type":"PropertyValueSpecification","valueRequired":true,"valueName":"search_term_string"}}],"inLanguage":"en-US"},{"@type":"Organization","@id":"https:\/\/gastropass360.com\/en\/#organization","name":"Gastropass 360","url":"https:\/\/gastropass360.com\/en\/","logo":{"@type":"ImageObject","inLanguage":"en-US","@id":"https:\/\/gastropass360.com\/en\/#\/schema\/logo\/image\/","url":"https:\/\/gastropass360.com\/wp-content\/uploads\/2020\/09\/gastropass-360-logo.png","contentUrl":"https:\/\/gastropass360.com\/wp-content\/uploads\/2020\/09\/gastropass-360-logo.png","width":577,"height":83,"caption":"Gastropass 360"},"image":{"@id":"https:\/\/gastropass360.com\/en\/#\/schema\/logo\/image\/"},"sameAs":["https:\/\/www.facebook.com\/Gastropass\/","https:\/\/x.com\/guiagastropass","https:\/\/www.instagram.com\/guiagastropass"]}]}},"jetpack_sharing_enabled":true,"_links":{"self":[{"href":"https:\/\/gastropass360.com\/en\/wp-json\/wp\/v2\/pages\/3980","targetHints":{"allow":["GET"]}}],"collection":[{"href":"https:\/\/gastropass360.com\/en\/wp-json\/wp\/v2\/pages"}],"about":[{"href":"https:\/\/gastropass360.com\/en\/wp-json\/wp\/v2\/types\/page"}],"author":[{"embeddable":true,"href":"https:\/\/gastropass360.com\/en\/wp-json\/wp\/v2\/users\/1"}],"replies":[{"embeddable":true,"href":"https:\/\/gastropass360.com\/en\/wp-json\/wp\/v2\/comments?post=3980"}],"version-history":[{"count":1,"href":"https:\/\/gastropass360.com\/en\/wp-json\/wp\/v2\/pages\/3980\/revisions"}],"predecessor-version":[{"id":3982,"href":"https:\/\/gastropass360.com\/en\/wp-json\/wp\/v2\/pages\/3980\/revisions\/3982"}],"up":[{"embeddable":true,"href":"https:\/\/gastropass360.com\/en\/wp-json\/wp\/v2\/pages\/3958"}],"wp:attachment":[{"href":"https:\/\/gastropass360.com\/en\/wp-json\/wp\/v2\/media?parent=3980"}],"curies":[{"name":"wp","href":"https:\/\/api.w.org\/{rel}","templated":true}]}}