{"id":5865,"date":"2023-10-16T12:27:42","date_gmt":"2023-10-16T10:27:42","guid":{"rendered":"https:\/\/gastropass360.com\/?page_id=5865"},"modified":"2023-12-11T17:32:13","modified_gmt":"2023-12-11T16:32:13","slug":"death-by-langostinos-2","status":"publish","type":"page","link":"https:\/\/gastropass360.com\/en\/death-by-langostinos-2\/","title":{"rendered":"Death By Langostinos"},"content":{"rendered":"\t\t<div data-elementor-type=\"wp-page\" data-elementor-id=\"5865\" class=\"elementor elementor-5865 elementor-5864\" data-elementor-post-type=\"page\">\n\t\t\t\t\t\t<section class=\"elementor-section elementor-top-section elementor-element elementor-element-0622db0 elementor-section-height-min-height elementor-section-boxed elementor-section-height-default elementor-section-items-middle\" data-id=\"0622db0\" data-element_type=\"section\" data-e-type=\"section\" data-settings=\"{&quot;background_background&quot;:&quot;classic&quot;}\">\n\t\t\t\t\t\t<div class=\"elementor-container elementor-column-gap-default\">\n\t\t\t\t\t<div class=\"elementor-column elementor-col-100 elementor-top-column elementor-element elementor-element-0224a5a\" data-id=\"0224a5a\" data-element_type=\"column\" data-e-type=\"column\">\n\t\t\t<div class=\"elementor-widget-wrap\">\n\t\t\t\t\t\t\t<\/div>\n\t\t<\/div>\n\t\t\t\t\t<\/div>\n\t\t<\/section>\n\t\t\t\t<section class=\"elementor-section elementor-top-section elementor-element elementor-element-9fc8f72 elementor-section-boxed elementor-section-height-default elementor-section-height-default\" data-id=\"9fc8f72\" data-element_type=\"section\" data-e-type=\"section\">\n\t\t\t\t\t\t<div class=\"elementor-container elementor-column-gap-default\">\n\t\t\t\t\t<div class=\"elementor-column elementor-col-100 elementor-top-column elementor-element elementor-element-2e4e24d\" data-id=\"2e4e24d\" data-element_type=\"column\" data-e-type=\"column\">\n\t\t\t<div class=\"elementor-widget-wrap elementor-element-populated\">\n\t\t\t\t\t\t<div class=\"elementor-element elementor-element-6e007e6 elementor-widget elementor-widget-heading\" data-id=\"6e007e6\" data-element_type=\"widget\" data-e-type=\"widget\" data-widget_type=\"heading.default\">\n\t\t\t\t<div class=\"elementor-widget-container\">\n\t\t\t\t\t<h2 class=\"elementor-heading-title elementor-size-default\">Death By Langostinos\n<\/h2>\t\t\t\t<\/div>\n\t\t\t\t<\/div>\n\t\t\t\t<div class=\"elementor-element elementor-element-7ca202e elementor-widget elementor-widget-text-editor\" data-id=\"7ca202e\" data-element_type=\"widget\" data-e-type=\"widget\" data-widget_type=\"text-editor.default\">\n\t\t\t\t<div class=\"elementor-widget-container\">\n\t\t\t\t\t\t\t\t\t<p style=\"text-align: center;\">Gastropass 360\u00ba proposes a plan for one day and one night to enjoy the Spanish Capital of Gastronomy 2022, an essential visit from Seville linked to Sanl\u00facar de Barrameda<br \/>by much more than its river.<br \/>4 x 4 tour through the Do\u00f1ana National Park with its pine forests and marshes, at the mouth of the Guadalquivir River. Lunch with Prawns from Sanl\u00facar in a restaurant in the famous Bajo de Gu\u00eda with views of the Do\u00f1ana Reserve. Visit to a centenary winery of Sanl\u00facar de Barrameda, cradle of Manzanilla, an emblematic wine of the Sherry Region. Night at Abariza Boutique Hotel, a haven of peace in the heart of Sanl\u00facar de Barrameda.<\/p>\n\t\t\t\t\t\t\t\t<\/div>\n\t\t\t\t<\/div>\n\t\t\t\t\t<\/div>\n\t\t<\/div>\n\t\t\t\t\t<\/div>\n\t\t<\/section>\n\t\t\t\t<section class=\"elementor-section elementor-top-section elementor-element elementor-element-54317b3 elementor-section-content-middle flipBoxTresCol elementor-section-boxed elementor-section-height-default elementor-section-height-default\" data-id=\"54317b3\" data-element_type=\"section\" data-e-type=\"section\">\n\t\t\t\t\t\t<div class=\"elementor-container elementor-column-gap-default\">\n\t\t\t\t\t<div class=\"elementor-column elementor-col-20 elementor-top-column elementor-element elementor-element-5750e17\" data-id=\"5750e17\" data-element_type=\"column\" data-e-type=\"column\">\n\t\t\t<div class=\"elementor-widget-wrap\">\n\t\t\t\t\t\t\t<\/div>\n\t\t<\/div>\n\t\t\t\t<div class=\"elementor-column elementor-col-20 elementor-top-column elementor-element elementor-element-edcace3\" data-id=\"edcace3\" data-element_type=\"column\" data-e-type=\"column\">\n\t\t\t<div class=\"elementor-widget-wrap elementor-element-populated\">\n\t\t\t\t\t\t<div class=\"elementor-element elementor-element-872db20 elementor-widget elementor-widget-image\" data-id=\"872db20\" data-element_type=\"widget\" data-e-type=\"widget\" data-widget_type=\"image.default\">\n\t\t\t\t<div class=\"elementor-widget-container\">\n\t\t\t\t\t\t\t\t\t\t\t\t\t\t\t<img fetchpriority=\"high\" decoding=\"async\" width=\"800\" height=\"800\" src=\"https:\/\/gastropass360.com\/wp-content\/uploads\/2022\/06\/editada-barril-copia.png\" class=\"attachment-large size-large wp-image-3709\" alt=\"\" srcset=\"https:\/\/gastropass360.com\/wp-content\/uploads\/2022\/06\/editada-barril-copia.png 816w, https:\/\/gastropass360.com\/wp-content\/uploads\/2022\/06\/editada-barril-copia-300x300.png 300w, https:\/\/gastropass360.com\/wp-content\/uploads\/2022\/06\/editada-barril-copia-150x150.png 150w, https:\/\/gastropass360.com\/wp-content\/uploads\/2022\/06\/editada-barril-copia-768x768.png 768w, https:\/\/gastropass360.com\/wp-content\/uploads\/2022\/06\/editada-barril-copia-600x600.png 600w, https:\/\/gastropass360.com\/wp-content\/uploads\/2022\/06\/editada-barril-copia-100x100.png 100w\" sizes=\"(max-width: 800px) 100vw, 800px\" \/>\t\t\t\t\t\t\t\t\t\t\t\t\t\t\t<\/div>\n\t\t\t\t<\/div>\n\t\t\t\t\t<\/div>\n\t\t<\/div>\n\t\t\t\t<div class=\"elementor-column elementor-col-20 elementor-top-column elementor-element elementor-element-f778711\" data-id=\"f778711\" data-element_type=\"column\" data-e-type=\"column\">\n\t\t\t<div class=\"elementor-widget-wrap elementor-element-populated\">\n\t\t\t\t\t\t<div class=\"elementor-element elementor-element-6332006 elementor-widget elementor-widget-image\" data-id=\"6332006\" data-element_type=\"widget\" data-e-type=\"widget\" data-widget_type=\"image.default\">\n\t\t\t\t<div class=\"elementor-widget-container\">\n\t\t\t\t\t\t\t\t\t\t\t\t\t\t\t<img decoding=\"async\" width=\"800\" height=\"802\" src=\"https:\/\/gastropass360.com\/wp-content\/uploads\/2022\/06\/lango_2-1.png\" class=\"attachment-large size-large wp-image-3713\" alt=\"\" srcset=\"https:\/\/gastropass360.com\/wp-content\/uploads\/2022\/06\/lango_2-1.png 814w, https:\/\/gastropass360.com\/wp-content\/uploads\/2022\/06\/lango_2-1-300x300.png 300w, https:\/\/gastropass360.com\/wp-content\/uploads\/2022\/06\/lango_2-1-150x150.png 150w, https:\/\/gastropass360.com\/wp-content\/uploads\/2022\/06\/lango_2-1-768x770.png 768w, https:\/\/gastropass360.com\/wp-content\/uploads\/2022\/06\/lango_2-1-600x601.png 600w, https:\/\/gastropass360.com\/wp-content\/uploads\/2022\/06\/lango_2-1-100x100.png 100w\" sizes=\"(max-width: 800px) 100vw, 800px\" \/>\t\t\t\t\t\t\t\t\t\t\t\t\t\t\t<\/div>\n\t\t\t\t<\/div>\n\t\t\t\t\t<\/div>\n\t\t<\/div>\n\t\t\t\t<div class=\"elementor-column elementor-col-20 elementor-top-column elementor-element elementor-element-4d17a8a\" data-id=\"4d17a8a\" data-element_type=\"column\" data-e-type=\"column\">\n\t\t\t<div class=\"elementor-widget-wrap elementor-element-populated\">\n\t\t\t\t\t\t<div class=\"elementor-element elementor-element-49bd0eb elementor-widget elementor-widget-image\" data-id=\"49bd0eb\" data-element_type=\"widget\" data-e-type=\"widget\" data-widget_type=\"image.default\">\n\t\t\t\t<div class=\"elementor-widget-container\">\n\t\t\t\t\t\t\t\t\t\t\t\t\t\t\t<img decoding=\"async\" width=\"800\" height=\"800\" src=\"https:\/\/gastropass360.com\/wp-content\/uploads\/2022\/06\/BARBADILLO-VERSOS-1891-LARGO.00_00_46_04.Imagen-fija001.png\" class=\"attachment-large size-large wp-image-3715\" alt=\"\" srcset=\"https:\/\/gastropass360.com\/wp-content\/uploads\/2022\/06\/BARBADILLO-VERSOS-1891-LARGO.00_00_46_04.Imagen-fija001.png 816w, https:\/\/gastropass360.com\/wp-content\/uploads\/2022\/06\/BARBADILLO-VERSOS-1891-LARGO.00_00_46_04.Imagen-fija001-300x300.png 300w, https:\/\/gastropass360.com\/wp-content\/uploads\/2022\/06\/BARBADILLO-VERSOS-1891-LARGO.00_00_46_04.Imagen-fija001-150x150.png 150w, https:\/\/gastropass360.com\/wp-content\/uploads\/2022\/06\/BARBADILLO-VERSOS-1891-LARGO.00_00_46_04.Imagen-fija001-768x768.png 768w, https:\/\/gastropass360.com\/wp-content\/uploads\/2022\/06\/BARBADILLO-VERSOS-1891-LARGO.00_00_46_04.Imagen-fija001-600x600.png 600w, https:\/\/gastropass360.com\/wp-content\/uploads\/2022\/06\/BARBADILLO-VERSOS-1891-LARGO.00_00_46_04.Imagen-fija001-100x100.png 100w\" sizes=\"(max-width: 800px) 100vw, 800px\" \/>\t\t\t\t\t\t\t\t\t\t\t\t\t\t\t<\/div>\n\t\t\t\t<\/div>\n\t\t\t\t\t<\/div>\n\t\t<\/div>\n\t\t\t\t<div class=\"elementor-column elementor-col-20 elementor-top-column elementor-element elementor-element-6d38aca\" data-id=\"6d38aca\" data-element_type=\"column\" data-e-type=\"column\">\n\t\t\t<div class=\"elementor-widget-wrap\">\n\t\t\t\t\t\t\t<\/div>\n\t\t<\/div>\n\t\t\t\t\t<\/div>\n\t\t<\/section>\n\t\t\t\t<section class=\"elementor-section elementor-top-section elementor-element elementor-element-10babbdc elementor-hidden-phone elementor-section-boxed elementor-section-height-default elementor-section-height-default\" data-id=\"10babbdc\" data-element_type=\"section\" data-e-type=\"section\">\n\t\t\t\t\t\t<div class=\"elementor-container elementor-column-gap-default\">\n\t\t\t\t\t<div class=\"elementor-column elementor-col-100 elementor-top-column elementor-element elementor-element-564b0516\" data-id=\"564b0516\" data-element_type=\"column\" data-e-type=\"column\">\n\t\t\t<div class=\"elementor-widget-wrap\">\n\t\t\t\t\t\t\t<\/div>\n\t\t<\/div>\n\t\t\t\t\t<\/div>\n\t\t<\/section>\n\t\t\t\t<\/div>\n\t\t","protected":false},"excerpt":{"rendered":"<p>Death By Langostinos Gastropass 360\u00ba proposes a plan for one day and one night to enjoy the Spanish Capital of Gastronomy 2022, an essential visit from Seville linked to Sanl\u00facar de Barramedaby much more than its river.4 x 4 tour through the Do\u00f1ana National Park with its pine forests and marshes, at the mouth of [&hellip;]<\/p>\n","protected":false},"author":2,"featured_media":0,"parent":0,"menu_order":0,"comment_status":"closed","ping_status":"closed","template":"","meta":{"footnotes":""},"class_list":["post-5865","page","type-page","status-publish","hentry"],"yoast_head":"<!-- This site is optimized with the Yoast SEO plugin v27.3 - https:\/\/yoast.com\/product\/yoast-seo-wordpress\/ -->\n<title>Death By Langostinos - Gastropass 360<\/title>\n<meta name=\"robots\" content=\"index, follow, max-snippet:-1, max-image-preview:large, max-video-preview:-1\" \/>\n<link rel=\"canonical\" href=\"https:\/\/gastropass360.com\/en\/death-by-langostinos-2\/\" \/>\n<meta property=\"og:locale\" content=\"en_US\" \/>\n<meta property=\"og:type\" content=\"article\" \/>\n<meta property=\"og:title\" content=\"Death By Langostinos - Gastropass 360\" \/>\n<meta property=\"og:description\" content=\"Death By Langostinos Gastropass 360\u00ba proposes a plan for one day and one night to enjoy the Spanish Capital of Gastronomy 2022, an essential visit from Seville linked to Sanl\u00facar de Barramedaby much more than its river.4 x 4 tour through the Do\u00f1ana National Park with its pine forests and marshes, at the mouth of [&hellip;]\" \/>\n<meta property=\"og:url\" content=\"https:\/\/gastropass360.com\/en\/death-by-langostinos-2\/\" \/>\n<meta property=\"og:site_name\" content=\"Gastropass 360\" \/>\n<meta property=\"article:publisher\" content=\"https:\/\/www.facebook.com\/Gastropass\/\" \/>\n<meta property=\"article:modified_time\" content=\"2023-12-11T16:32:13+00:00\" \/>\n<meta property=\"og:image\" content=\"https:\/\/gastropass360.com\/wp-content\/uploads\/2022\/06\/editada-barril-copia.png\" \/>\n<meta name=\"twitter:card\" content=\"summary_large_image\" \/>\n<meta name=\"twitter:site\" content=\"@guiagastropass\" \/>\n<meta name=\"twitter:label1\" content=\"Est. reading time\" \/>\n\t<meta name=\"twitter:data1\" content=\"1 minute\" \/>\n<script type=\"application\/ld+json\" class=\"yoast-schema-graph\">{\"@context\":\"https:\\\/\\\/schema.org\",\"@graph\":[{\"@type\":\"WebPage\",\"@id\":\"https:\\\/\\\/gastropass360.com\\\/en\\\/death-by-langostinos-2\\\/\",\"url\":\"https:\\\/\\\/gastropass360.com\\\/en\\\/death-by-langostinos-2\\\/\",\"name\":\"Death By Langostinos - Gastropass 360\",\"isPartOf\":{\"@id\":\"https:\\\/\\\/gastropass360.com\\\/en\\\/#website\"},\"primaryImageOfPage\":{\"@id\":\"https:\\\/\\\/gastropass360.com\\\/en\\\/death-by-langostinos-2\\\/#primaryimage\"},\"image\":{\"@id\":\"https:\\\/\\\/gastropass360.com\\\/en\\\/death-by-langostinos-2\\\/#primaryimage\"},\"thumbnailUrl\":\"https:\\\/\\\/gastropass360.com\\\/wp-content\\\/uploads\\\/2022\\\/06\\\/editada-barril-copia.png\",\"datePublished\":\"2023-10-16T10:27:42+00:00\",\"dateModified\":\"2023-12-11T16:32:13+00:00\",\"breadcrumb\":{\"@id\":\"https:\\\/\\\/gastropass360.com\\\/en\\\/death-by-langostinos-2\\\/#breadcrumb\"},\"inLanguage\":\"en-US\",\"potentialAction\":[{\"@type\":\"ReadAction\",\"target\":[\"https:\\\/\\\/gastropass360.com\\\/en\\\/death-by-langostinos-2\\\/\"]}]},{\"@type\":\"ImageObject\",\"inLanguage\":\"en-US\",\"@id\":\"https:\\\/\\\/gastropass360.com\\\/en\\\/death-by-langostinos-2\\\/#primaryimage\",\"url\":\"https:\\\/\\\/gastropass360.com\\\/wp-content\\\/uploads\\\/2022\\\/06\\\/editada-barril-copia.png\",\"contentUrl\":\"https:\\\/\\\/gastropass360.com\\\/wp-content\\\/uploads\\\/2022\\\/06\\\/editada-barril-copia.png\"},{\"@type\":\"BreadcrumbList\",\"@id\":\"https:\\\/\\\/gastropass360.com\\\/en\\\/death-by-langostinos-2\\\/#breadcrumb\",\"itemListElement\":[{\"@type\":\"ListItem\",\"position\":1,\"name\":\"Portada\",\"item\":\"https:\\\/\\\/gastropass360.com\\\/en\\\/gastropass-360o\\\/\"},{\"@type\":\"ListItem\",\"position\":2,\"name\":\"Death By Langostinos\"}]},{\"@type\":\"WebSite\",\"@id\":\"https:\\\/\\\/gastropass360.com\\\/en\\\/#website\",\"url\":\"https:\\\/\\\/gastropass360.com\\\/en\\\/\",\"name\":\"Gastropass 360\",\"description\":\"Gu\u00eda de Gastronom\u00eda y Servicios de Sevilla by Gastropass\",\"publisher\":{\"@id\":\"https:\\\/\\\/gastropass360.com\\\/en\\\/#organization\"},\"potentialAction\":[{\"@type\":\"SearchAction\",\"target\":{\"@type\":\"EntryPoint\",\"urlTemplate\":\"https:\\\/\\\/gastropass360.com\\\/en\\\/?s={search_term_string}\"},\"query-input\":{\"@type\":\"PropertyValueSpecification\",\"valueRequired\":true,\"valueName\":\"search_term_string\"}}],\"inLanguage\":\"en-US\"},{\"@type\":\"Organization\",\"@id\":\"https:\\\/\\\/gastropass360.com\\\/en\\\/#organization\",\"name\":\"Gastropass 360\",\"url\":\"https:\\\/\\\/gastropass360.com\\\/en\\\/\",\"logo\":{\"@type\":\"ImageObject\",\"inLanguage\":\"en-US\",\"@id\":\"https:\\\/\\\/gastropass360.com\\\/en\\\/#\\\/schema\\\/logo\\\/image\\\/\",\"url\":\"https:\\\/\\\/gastropass360.com\\\/wp-content\\\/uploads\\\/2020\\\/09\\\/gastropass-360-logo.png\",\"contentUrl\":\"https:\\\/\\\/gastropass360.com\\\/wp-content\\\/uploads\\\/2020\\\/09\\\/gastropass-360-logo.png\",\"width\":577,\"height\":83,\"caption\":\"Gastropass 360\"},\"image\":{\"@id\":\"https:\\\/\\\/gastropass360.com\\\/en\\\/#\\\/schema\\\/logo\\\/image\\\/\"},\"sameAs\":[\"https:\\\/\\\/www.facebook.com\\\/Gastropass\\\/\",\"https:\\\/\\\/x.com\\\/guiagastropass\",\"https:\\\/\\\/www.instagram.com\\\/guiagastropass\"]}]}<\/script>\n<!-- \/ Yoast SEO plugin. -->","yoast_head_json":{"title":"Death By Langostinos - Gastropass 360","robots":{"index":"index","follow":"follow","max-snippet":"max-snippet:-1","max-image-preview":"max-image-preview:large","max-video-preview":"max-video-preview:-1"},"canonical":"https:\/\/gastropass360.com\/en\/death-by-langostinos-2\/","og_locale":"en_US","og_type":"article","og_title":"Death By Langostinos - Gastropass 360","og_description":"Death By Langostinos Gastropass 360\u00ba proposes a plan for one day and one night to enjoy the Spanish Capital of Gastronomy 2022, an essential visit from Seville linked to Sanl\u00facar de Barramedaby much more than its river.4 x 4 tour through the Do\u00f1ana National Park with its pine forests and marshes, at the mouth of [&hellip;]","og_url":"https:\/\/gastropass360.com\/en\/death-by-langostinos-2\/","og_site_name":"Gastropass 360","article_publisher":"https:\/\/www.facebook.com\/Gastropass\/","article_modified_time":"2023-12-11T16:32:13+00:00","og_image":[{"url":"https:\/\/gastropass360.com\/wp-content\/uploads\/2022\/06\/editada-barril-copia.png","type":"","width":"","height":""}],"twitter_card":"summary_large_image","twitter_site":"@guiagastropass","twitter_misc":{"Est. reading time":"1 minute"},"schema":{"@context":"https:\/\/schema.org","@graph":[{"@type":"WebPage","@id":"https:\/\/gastropass360.com\/en\/death-by-langostinos-2\/","url":"https:\/\/gastropass360.com\/en\/death-by-langostinos-2\/","name":"Death By Langostinos - Gastropass 360","isPartOf":{"@id":"https:\/\/gastropass360.com\/en\/#website"},"primaryImageOfPage":{"@id":"https:\/\/gastropass360.com\/en\/death-by-langostinos-2\/#primaryimage"},"image":{"@id":"https:\/\/gastropass360.com\/en\/death-by-langostinos-2\/#primaryimage"},"thumbnailUrl":"https:\/\/gastropass360.com\/wp-content\/uploads\/2022\/06\/editada-barril-copia.png","datePublished":"2023-10-16T10:27:42+00:00","dateModified":"2023-12-11T16:32:13+00:00","breadcrumb":{"@id":"https:\/\/gastropass360.com\/en\/death-by-langostinos-2\/#breadcrumb"},"inLanguage":"en-US","potentialAction":[{"@type":"ReadAction","target":["https:\/\/gastropass360.com\/en\/death-by-langostinos-2\/"]}]},{"@type":"ImageObject","inLanguage":"en-US","@id":"https:\/\/gastropass360.com\/en\/death-by-langostinos-2\/#primaryimage","url":"https:\/\/gastropass360.com\/wp-content\/uploads\/2022\/06\/editada-barril-copia.png","contentUrl":"https:\/\/gastropass360.com\/wp-content\/uploads\/2022\/06\/editada-barril-copia.png"},{"@type":"BreadcrumbList","@id":"https:\/\/gastropass360.com\/en\/death-by-langostinos-2\/#breadcrumb","itemListElement":[{"@type":"ListItem","position":1,"name":"Portada","item":"https:\/\/gastropass360.com\/en\/gastropass-360o\/"},{"@type":"ListItem","position":2,"name":"Death By Langostinos"}]},{"@type":"WebSite","@id":"https:\/\/gastropass360.com\/en\/#website","url":"https:\/\/gastropass360.com\/en\/","name":"Gastropass 360","description":"Gu\u00eda de Gastronom\u00eda y Servicios de Sevilla by Gastropass","publisher":{"@id":"https:\/\/gastropass360.com\/en\/#organization"},"potentialAction":[{"@type":"SearchAction","target":{"@type":"EntryPoint","urlTemplate":"https:\/\/gastropass360.com\/en\/?s={search_term_string}"},"query-input":{"@type":"PropertyValueSpecification","valueRequired":true,"valueName":"search_term_string"}}],"inLanguage":"en-US"},{"@type":"Organization","@id":"https:\/\/gastropass360.com\/en\/#organization","name":"Gastropass 360","url":"https:\/\/gastropass360.com\/en\/","logo":{"@type":"ImageObject","inLanguage":"en-US","@id":"https:\/\/gastropass360.com\/en\/#\/schema\/logo\/image\/","url":"https:\/\/gastropass360.com\/wp-content\/uploads\/2020\/09\/gastropass-360-logo.png","contentUrl":"https:\/\/gastropass360.com\/wp-content\/uploads\/2020\/09\/gastropass-360-logo.png","width":577,"height":83,"caption":"Gastropass 360"},"image":{"@id":"https:\/\/gastropass360.com\/en\/#\/schema\/logo\/image\/"},"sameAs":["https:\/\/www.facebook.com\/Gastropass\/","https:\/\/x.com\/guiagastropass","https:\/\/www.instagram.com\/guiagastropass"]}]}},"jetpack_sharing_enabled":true,"_links":{"self":[{"href":"https:\/\/gastropass360.com\/en\/wp-json\/wp\/v2\/pages\/5865","targetHints":{"allow":["GET"]}}],"collection":[{"href":"https:\/\/gastropass360.com\/en\/wp-json\/wp\/v2\/pages"}],"about":[{"href":"https:\/\/gastropass360.com\/en\/wp-json\/wp\/v2\/types\/page"}],"author":[{"embeddable":true,"href":"https:\/\/gastropass360.com\/en\/wp-json\/wp\/v2\/users\/2"}],"replies":[{"embeddable":true,"href":"https:\/\/gastropass360.com\/en\/wp-json\/wp\/v2\/comments?post=5865"}],"version-history":[{"count":1,"href":"https:\/\/gastropass360.com\/en\/wp-json\/wp\/v2\/pages\/5865\/revisions"}],"predecessor-version":[{"id":5866,"href":"https:\/\/gastropass360.com\/en\/wp-json\/wp\/v2\/pages\/5865\/revisions\/5866"}],"wp:attachment":[{"href":"https:\/\/gastropass360.com\/en\/wp-json\/wp\/v2\/media?parent=5865"}],"curies":[{"name":"wp","href":"https:\/\/api.w.org\/{rel}","templated":true}]}}