{"id":7765,"date":"2024-06-12T12:24:52","date_gmt":"2024-06-12T10:24:52","guid":{"rendered":"https:\/\/gastropass360.com\/?page_id=7765"},"modified":"2025-06-18T08:20:16","modified_gmt":"2025-06-18T06:20:16","slug":"flemish-brushstrokes","status":"publish","type":"page","link":"https:\/\/gastropass360.com\/en\/flemish-brushstrokes\/","title":{"rendered":"Flamenco brushstrokes"},"content":{"rendered":"\t\t<div data-elementor-type=\"wp-page\" data-elementor-id=\"7765\" class=\"elementor elementor-7765 elementor-7764\" data-elementor-post-type=\"page\">\n\t\t\t\t\t\t<section class=\"elementor-section elementor-top-section elementor-element elementor-element-0622db0 elementor-hidden-phone elementor-section-boxed elementor-section-height-default elementor-section-height-default\" data-id=\"0622db0\" data-element_type=\"section\" data-e-type=\"section\" data-settings=\"{&quot;background_background&quot;:&quot;classic&quot;}\">\n\t\t\t\t\t\t<div class=\"elementor-container elementor-column-gap-default\">\n\t\t\t\t\t<div class=\"elementor-column elementor-col-100 elementor-top-column elementor-element elementor-element-0224a5a\" data-id=\"0224a5a\" data-element_type=\"column\" data-e-type=\"column\">\n\t\t\t<div class=\"elementor-widget-wrap elementor-element-populated\">\n\t\t\t\t\t\t<section class=\"elementor-section elementor-inner-section elementor-element elementor-element-90dd760 elementor-section-boxed elementor-section-height-default elementor-section-height-default\" data-id=\"90dd760\" data-element_type=\"section\" data-e-type=\"section\" data-settings=\"{&quot;background_background&quot;:&quot;classic&quot;}\">\n\t\t\t\t\t\t<div class=\"elementor-container elementor-column-gap-default\">\n\t\t\t\t\t<div class=\"elementor-column elementor-col-100 elementor-inner-column elementor-element elementor-element-41a3f5c\" data-id=\"41a3f5c\" data-element_type=\"column\" data-e-type=\"column\">\n\t\t\t<div class=\"elementor-widget-wrap elementor-element-populated\">\n\t\t\t\t\t\t<div class=\"elementor-element elementor-element-4457a0b elementor-widget elementor-widget-image\" data-id=\"4457a0b\" data-element_type=\"widget\" data-e-type=\"widget\" data-widget_type=\"image.default\">\n\t\t\t\t<div class=\"elementor-widget-container\">\n\t\t\t\t\t\t\t\t\t\t\t\t\t\t\t<img decoding=\"async\" src=\"https:\/\/gastropass360.com\/wp-content\/uploads\/elementor\/thumbs\/Grupo-1859-qzp15bcvptnwu0oyahfcrnd63xdnkoi0j9y00sn34a.png\" title=\"Grupo 1859\" alt=\"Grupo 1859\" loading=\"lazy\" \/>\t\t\t\t\t\t\t\t\t\t\t\t\t\t\t<\/div>\n\t\t\t\t<\/div>\n\t\t\t\t\t<\/div>\n\t\t<\/div>\n\t\t\t\t\t<\/div>\n\t\t<\/section>\n\t\t\t\t\t<\/div>\n\t\t<\/div>\n\t\t\t\t\t<\/div>\n\t\t<\/section>\n\t\t\t\t<section class=\"elementor-section elementor-top-section elementor-element elementor-element-fe7879b elementor-hidden-desktop elementor-hidden-tablet elementor-section-height-min-height elementor-section-boxed elementor-section-height-default elementor-section-items-middle\" data-id=\"fe7879b\" data-element_type=\"section\" data-e-type=\"section\" data-settings=\"{&quot;background_background&quot;:&quot;classic&quot;}\">\n\t\t\t\t\t\t<div class=\"elementor-container elementor-column-gap-no\">\n\t\t\t\t\t<div class=\"elementor-column elementor-col-100 elementor-top-column elementor-element elementor-element-b893979\" data-id=\"b893979\" data-element_type=\"column\" data-e-type=\"column\">\n\t\t\t<div class=\"elementor-widget-wrap elementor-element-populated\">\n\t\t\t\t\t\t<div class=\"elementor-element elementor-element-bc823dd elementor-widget elementor-widget-image\" data-id=\"bc823dd\" data-element_type=\"widget\" data-e-type=\"widget\" data-widget_type=\"image.default\">\n\t\t\t\t<div class=\"elementor-widget-container\">\n\t\t\t\t\t\t\t\t\t\t\t\t\t\t\t<img decoding=\"async\" width=\"300\" height=\"145\" src=\"https:\/\/gastropass360.com\/wp-content\/uploads\/2024\/06\/Grupo-1859-300x145.png\" class=\"attachment-medium size-medium wp-image-7774\" alt=\"\" srcset=\"https:\/\/gastropass360.com\/wp-content\/uploads\/2024\/06\/Grupo-1859-300x145.png 300w, https:\/\/gastropass360.com\/wp-content\/uploads\/2024\/06\/Grupo-1859-768x372.png 768w, https:\/\/gastropass360.com\/wp-content\/uploads\/2024\/06\/Grupo-1859-600x291.png 600w, https:\/\/gastropass360.com\/wp-content\/uploads\/2024\/06\/Grupo-1859.png 930w\" sizes=\"(max-width: 300px) 100vw, 300px\" \/>\t\t\t\t\t\t\t\t\t\t\t\t\t\t\t<\/div>\n\t\t\t\t<\/div>\n\t\t\t\t\t<\/div>\n\t\t<\/div>\n\t\t\t\t\t<\/div>\n\t\t<\/section>\n\t\t\t\t<section class=\"elementor-section elementor-top-section elementor-element elementor-element-fcd0209 elementor-section-boxed elementor-section-height-default elementor-section-height-default\" data-id=\"fcd0209\" data-element_type=\"section\" data-e-type=\"section\">\n\t\t\t\t\t\t<div class=\"elementor-container elementor-column-gap-default\">\n\t\t\t\t\t<div class=\"elementor-column elementor-col-100 elementor-top-column elementor-element elementor-element-1479252\" data-id=\"1479252\" data-element_type=\"column\" data-e-type=\"column\">\n\t\t\t<div class=\"elementor-widget-wrap elementor-element-populated\">\n\t\t\t\t\t\t<div class=\"elementor-element elementor-element-3b485e6 elementor-widget elementor-widget-heading\" data-id=\"3b485e6\" data-element_type=\"widget\" data-e-type=\"widget\" data-widget_type=\"heading.default\">\n\t\t\t\t<div class=\"elementor-widget-container\">\n\t\t\t\t\t<h2 class=\"elementor-heading-title elementor-size-default\">THE MACHADO LINEAGE\n<\/h2>\t\t\t\t<\/div>\n\t\t\t\t<\/div>\n\t\t\t\t<div class=\"elementor-element elementor-element-047e125 elementor-widget elementor-widget-text-editor\" data-id=\"047e125\" data-element_type=\"widget\" data-e-type=\"widget\" data-widget_type=\"text-editor.default\">\n\t\t\t\t<div class=\"elementor-widget-container\">\n\t\t\t\t\t\t\t\t\t<div style=\"text-align: center;\"><strong>Flamenco Alameda of the Seville of the Machado and the avant-garde<\/strong><\/div><div style=\"text-align: center;\"> <\/div><div style=\"text-align: center;\">In the same way that Seville created the first of the world&#8217;s Alamedas in the 17th century, at the end of the 19th century it planted another orchard: one that would put Seville at the head of a literary, artistic and musical movement with unprecedented perspectives by uniting the cultured and popular fields with the glue of Andalusian identity traits and, especially, flamenco. Three generations of &#8220;Machados&#8221; would be irreplaceable pieces in this area, located in the very heart of the city in the Golden Age. <\/div><div style=\"text-align: center;\"> <\/div><div style=\"text-align: center;\">The poets Manuel and Antonio were born there, his father, \u201cDem\u00f3filo\u201d, founded the \u201cEl Folk-lore andaluz\u201d Society, which would convert the deep verses into Literature, his grandfather would serve as Magnificent Rector studying the fauna and trades of the Guadalquivir\u2026<\/div><div style=\"text-align: center;\"> <\/div><div style=\"text-align: center;\">But, as if that ground had been consecrated, Manuel Chaves Nogales was born on those same streets, Juan Ram\u00f3n Jim\u00e9nez and Fernando Villal\u00f3n would live, the ultraist movement would be founded, bringing together Isaac del Vando, Adriano del Valle, Rafael Cansinos, Jorge Luis Borges\u2026, the avant-garde of modernity, in the magazine \u201cGrecia\u201d.<\/div><div style=\"text-align: center;\"> <\/div><div style=\"text-align: center;\">With all of them and with flamenco as our flag, on the 150th Anniversary of the birth of the two brothers, and starting with the presentation of the special edition Gastropass Bienal de Flamenco de Sevilla, we are going to draw with flamenco brushstrokes, this Alameda Inmaterial, convinced that another avant-garde will flourish. For more information scan the QR. <\/div>\t\t\t\t\t\t\t\t<\/div>\n\t\t\t\t<\/div>\n\t\t\t\t\t<\/div>\n\t\t<\/div>\n\t\t\t\t\t<\/div>\n\t\t<\/section>\n\t\t\t\t<\/div>\n\t\t","protected":false},"excerpt":{"rendered":"<p>THE MACHADO LINEAGE Flamenco Alameda of the Seville of the Machado and the avant-garde In the same way that Seville created the first of the world&#8217;s Alamedas in the 17th century, at the end of the 19th century it planted another orchard: one that would put Seville at the head of a literary, artistic and [&hellip;]<\/p>\n","protected":false},"author":2,"featured_media":0,"parent":0,"menu_order":0,"comment_status":"closed","ping_status":"closed","template":"","meta":{"footnotes":""},"class_list":["post-7765","page","type-page","status-publish","hentry"],"yoast_head":"<!-- This site is optimized with the Yoast SEO plugin v27.4 - https:\/\/yoast.com\/product\/yoast-seo-wordpress\/ -->\n<title>Flamenco brushstrokes - Gastropass 360<\/title>\n<meta name=\"robots\" content=\"index, follow, max-snippet:-1, max-image-preview:large, max-video-preview:-1\" \/>\n<link rel=\"canonical\" href=\"https:\/\/gastropass360.com\/en\/flemish-brushstrokes\/\" \/>\n<meta property=\"og:locale\" content=\"en_US\" \/>\n<meta property=\"og:type\" content=\"article\" \/>\n<meta property=\"og:title\" content=\"Flamenco brushstrokes - Gastropass 360\" \/>\n<meta property=\"og:description\" content=\"THE MACHADO LINEAGE Flamenco Alameda of the Seville of the Machado and the avant-garde In the same way that Seville created the first of the world&#8217;s Alamedas in the 17th century, at the end of the 19th century it planted another orchard: one that would put Seville at the head of a literary, artistic and [&hellip;]\" \/>\n<meta property=\"og:url\" content=\"https:\/\/gastropass360.com\/en\/flemish-brushstrokes\/\" \/>\n<meta property=\"og:site_name\" content=\"Gastropass 360\" \/>\n<meta property=\"article:publisher\" content=\"https:\/\/www.facebook.com\/Gastropass\/\" \/>\n<meta property=\"article:modified_time\" content=\"2025-06-18T06:20:16+00:00\" \/>\n<meta property=\"og:image\" content=\"https:\/\/gastropass360.com\/wp-content\/uploads\/elementor\/thumbs\/Grupo-1859-qzp15bcvptnwu0oyahfcrnd63xdnkoi0j9y00sn34a.png\" \/>\n<meta name=\"twitter:card\" content=\"summary_large_image\" \/>\n<meta name=\"twitter:site\" content=\"@guiagastropass\" \/>\n<meta name=\"twitter:label1\" content=\"Est. reading time\" \/>\n\t<meta name=\"twitter:data1\" content=\"1 minute\" \/>\n<script type=\"application\/ld+json\" class=\"yoast-schema-graph\">{\"@context\":\"https:\\\/\\\/schema.org\",\"@graph\":[{\"@type\":\"WebPage\",\"@id\":\"https:\\\/\\\/gastropass360.com\\\/en\\\/flemish-brushstrokes\\\/\",\"url\":\"https:\\\/\\\/gastropass360.com\\\/en\\\/flemish-brushstrokes\\\/\",\"name\":\"Flamenco brushstrokes - Gastropass 360\",\"isPartOf\":{\"@id\":\"https:\\\/\\\/gastropass360.com\\\/en\\\/#website\"},\"primaryImageOfPage\":{\"@id\":\"https:\\\/\\\/gastropass360.com\\\/en\\\/flemish-brushstrokes\\\/#primaryimage\"},\"image\":{\"@id\":\"https:\\\/\\\/gastropass360.com\\\/en\\\/flemish-brushstrokes\\\/#primaryimage\"},\"thumbnailUrl\":\"https:\\\/\\\/gastropass360.com\\\/wp-content\\\/uploads\\\/elementor\\\/thumbs\\\/Grupo-1859-qzp15bcvptnwu0oyahfcrnd63xdnkoi0j9y00sn34a.png\",\"datePublished\":\"2024-06-12T10:24:52+00:00\",\"dateModified\":\"2025-06-18T06:20:16+00:00\",\"breadcrumb\":{\"@id\":\"https:\\\/\\\/gastropass360.com\\\/en\\\/flemish-brushstrokes\\\/#breadcrumb\"},\"inLanguage\":\"en-US\",\"potentialAction\":[{\"@type\":\"ReadAction\",\"target\":[\"https:\\\/\\\/gastropass360.com\\\/en\\\/flemish-brushstrokes\\\/\"]}]},{\"@type\":\"ImageObject\",\"inLanguage\":\"en-US\",\"@id\":\"https:\\\/\\\/gastropass360.com\\\/en\\\/flemish-brushstrokes\\\/#primaryimage\",\"url\":\"https:\\\/\\\/gastropass360.com\\\/wp-content\\\/uploads\\\/elementor\\\/thumbs\\\/Grupo-1859-qzp15bcvptnwu0oyahfcrnd63xdnkoi0j9y00sn34a.png\",\"contentUrl\":\"https:\\\/\\\/gastropass360.com\\\/wp-content\\\/uploads\\\/elementor\\\/thumbs\\\/Grupo-1859-qzp15bcvptnwu0oyahfcrnd63xdnkoi0j9y00sn34a.png\"},{\"@type\":\"BreadcrumbList\",\"@id\":\"https:\\\/\\\/gastropass360.com\\\/en\\\/flemish-brushstrokes\\\/#breadcrumb\",\"itemListElement\":[{\"@type\":\"ListItem\",\"position\":1,\"name\":\"Portada\",\"item\":\"https:\\\/\\\/gastropass360.com\\\/en\\\/gastropass-360o\\\/\"},{\"@type\":\"ListItem\",\"position\":2,\"name\":\"Flamenco brushstrokes\"}]},{\"@type\":\"WebSite\",\"@id\":\"https:\\\/\\\/gastropass360.com\\\/en\\\/#website\",\"url\":\"https:\\\/\\\/gastropass360.com\\\/en\\\/\",\"name\":\"Gastropass 360\",\"description\":\"Gu\u00eda de Gastronom\u00eda y Servicios de Sevilla by Gastropass\",\"publisher\":{\"@id\":\"https:\\\/\\\/gastropass360.com\\\/en\\\/#organization\"},\"potentialAction\":[{\"@type\":\"SearchAction\",\"target\":{\"@type\":\"EntryPoint\",\"urlTemplate\":\"https:\\\/\\\/gastropass360.com\\\/en\\\/?s={search_term_string}\"},\"query-input\":{\"@type\":\"PropertyValueSpecification\",\"valueRequired\":true,\"valueName\":\"search_term_string\"}}],\"inLanguage\":\"en-US\"},{\"@type\":\"Organization\",\"@id\":\"https:\\\/\\\/gastropass360.com\\\/en\\\/#organization\",\"name\":\"Gastropass 360\",\"url\":\"https:\\\/\\\/gastropass360.com\\\/en\\\/\",\"logo\":{\"@type\":\"ImageObject\",\"inLanguage\":\"en-US\",\"@id\":\"https:\\\/\\\/gastropass360.com\\\/en\\\/#\\\/schema\\\/logo\\\/image\\\/\",\"url\":\"https:\\\/\\\/gastropass360.com\\\/wp-content\\\/uploads\\\/2020\\\/09\\\/gastropass-360-logo.png\",\"contentUrl\":\"https:\\\/\\\/gastropass360.com\\\/wp-content\\\/uploads\\\/2020\\\/09\\\/gastropass-360-logo.png\",\"width\":577,\"height\":83,\"caption\":\"Gastropass 360\"},\"image\":{\"@id\":\"https:\\\/\\\/gastropass360.com\\\/en\\\/#\\\/schema\\\/logo\\\/image\\\/\"},\"sameAs\":[\"https:\\\/\\\/www.facebook.com\\\/Gastropass\\\/\",\"https:\\\/\\\/x.com\\\/guiagastropass\",\"https:\\\/\\\/www.instagram.com\\\/guiagastropass\"]}]}<\/script>\n<!-- \/ Yoast SEO plugin. -->","yoast_head_json":{"title":"Flamenco brushstrokes - Gastropass 360","robots":{"index":"index","follow":"follow","max-snippet":"max-snippet:-1","max-image-preview":"max-image-preview:large","max-video-preview":"max-video-preview:-1"},"canonical":"https:\/\/gastropass360.com\/en\/flemish-brushstrokes\/","og_locale":"en_US","og_type":"article","og_title":"Flamenco brushstrokes - Gastropass 360","og_description":"THE MACHADO LINEAGE Flamenco Alameda of the Seville of the Machado and the avant-garde In the same way that Seville created the first of the world&#8217;s Alamedas in the 17th century, at the end of the 19th century it planted another orchard: one that would put Seville at the head of a literary, artistic and [&hellip;]","og_url":"https:\/\/gastropass360.com\/en\/flemish-brushstrokes\/","og_site_name":"Gastropass 360","article_publisher":"https:\/\/www.facebook.com\/Gastropass\/","article_modified_time":"2025-06-18T06:20:16+00:00","og_image":[{"url":"https:\/\/gastropass360.com\/wp-content\/uploads\/elementor\/thumbs\/Grupo-1859-qzp15bcvptnwu0oyahfcrnd63xdnkoi0j9y00sn34a.png","type":"","width":"","height":""}],"twitter_card":"summary_large_image","twitter_site":"@guiagastropass","twitter_misc":{"Est. reading time":"1 minute"},"schema":{"@context":"https:\/\/schema.org","@graph":[{"@type":"WebPage","@id":"https:\/\/gastropass360.com\/en\/flemish-brushstrokes\/","url":"https:\/\/gastropass360.com\/en\/flemish-brushstrokes\/","name":"Flamenco brushstrokes - Gastropass 360","isPartOf":{"@id":"https:\/\/gastropass360.com\/en\/#website"},"primaryImageOfPage":{"@id":"https:\/\/gastropass360.com\/en\/flemish-brushstrokes\/#primaryimage"},"image":{"@id":"https:\/\/gastropass360.com\/en\/flemish-brushstrokes\/#primaryimage"},"thumbnailUrl":"https:\/\/gastropass360.com\/wp-content\/uploads\/elementor\/thumbs\/Grupo-1859-qzp15bcvptnwu0oyahfcrnd63xdnkoi0j9y00sn34a.png","datePublished":"2024-06-12T10:24:52+00:00","dateModified":"2025-06-18T06:20:16+00:00","breadcrumb":{"@id":"https:\/\/gastropass360.com\/en\/flemish-brushstrokes\/#breadcrumb"},"inLanguage":"en-US","potentialAction":[{"@type":"ReadAction","target":["https:\/\/gastropass360.com\/en\/flemish-brushstrokes\/"]}]},{"@type":"ImageObject","inLanguage":"en-US","@id":"https:\/\/gastropass360.com\/en\/flemish-brushstrokes\/#primaryimage","url":"https:\/\/gastropass360.com\/wp-content\/uploads\/elementor\/thumbs\/Grupo-1859-qzp15bcvptnwu0oyahfcrnd63xdnkoi0j9y00sn34a.png","contentUrl":"https:\/\/gastropass360.com\/wp-content\/uploads\/elementor\/thumbs\/Grupo-1859-qzp15bcvptnwu0oyahfcrnd63xdnkoi0j9y00sn34a.png"},{"@type":"BreadcrumbList","@id":"https:\/\/gastropass360.com\/en\/flemish-brushstrokes\/#breadcrumb","itemListElement":[{"@type":"ListItem","position":1,"name":"Portada","item":"https:\/\/gastropass360.com\/en\/gastropass-360o\/"},{"@type":"ListItem","position":2,"name":"Flamenco brushstrokes"}]},{"@type":"WebSite","@id":"https:\/\/gastropass360.com\/en\/#website","url":"https:\/\/gastropass360.com\/en\/","name":"Gastropass 360","description":"Gu\u00eda de Gastronom\u00eda y Servicios de Sevilla by Gastropass","publisher":{"@id":"https:\/\/gastropass360.com\/en\/#organization"},"potentialAction":[{"@type":"SearchAction","target":{"@type":"EntryPoint","urlTemplate":"https:\/\/gastropass360.com\/en\/?s={search_term_string}"},"query-input":{"@type":"PropertyValueSpecification","valueRequired":true,"valueName":"search_term_string"}}],"inLanguage":"en-US"},{"@type":"Organization","@id":"https:\/\/gastropass360.com\/en\/#organization","name":"Gastropass 360","url":"https:\/\/gastropass360.com\/en\/","logo":{"@type":"ImageObject","inLanguage":"en-US","@id":"https:\/\/gastropass360.com\/en\/#\/schema\/logo\/image\/","url":"https:\/\/gastropass360.com\/wp-content\/uploads\/2020\/09\/gastropass-360-logo.png","contentUrl":"https:\/\/gastropass360.com\/wp-content\/uploads\/2020\/09\/gastropass-360-logo.png","width":577,"height":83,"caption":"Gastropass 360"},"image":{"@id":"https:\/\/gastropass360.com\/en\/#\/schema\/logo\/image\/"},"sameAs":["https:\/\/www.facebook.com\/Gastropass\/","https:\/\/x.com\/guiagastropass","https:\/\/www.instagram.com\/guiagastropass"]}]}},"jetpack_sharing_enabled":true,"_links":{"self":[{"href":"https:\/\/gastropass360.com\/en\/wp-json\/wp\/v2\/pages\/7765","targetHints":{"allow":["GET"]}}],"collection":[{"href":"https:\/\/gastropass360.com\/en\/wp-json\/wp\/v2\/pages"}],"about":[{"href":"https:\/\/gastropass360.com\/en\/wp-json\/wp\/v2\/types\/page"}],"author":[{"embeddable":true,"href":"https:\/\/gastropass360.com\/en\/wp-json\/wp\/v2\/users\/2"}],"replies":[{"embeddable":true,"href":"https:\/\/gastropass360.com\/en\/wp-json\/wp\/v2\/comments?post=7765"}],"version-history":[{"count":5,"href":"https:\/\/gastropass360.com\/en\/wp-json\/wp\/v2\/pages\/7765\/revisions"}],"predecessor-version":[{"id":10056,"href":"https:\/\/gastropass360.com\/en\/wp-json\/wp\/v2\/pages\/7765\/revisions\/10056"}],"wp:attachment":[{"href":"https:\/\/gastropass360.com\/en\/wp-json\/wp\/v2\/media?parent=7765"}],"curies":[{"name":"wp","href":"https:\/\/api.w.org\/{rel}","templated":true}]}}